{"id":9008,"date":"2026-04-03T17:34:15","date_gmt":"2026-04-03T19:34:15","guid":{"rendered":"https:\/\/apotekar-online.rs\/?post_type=product&#038;p=9008"},"modified":"2026-04-03T17:34:15","modified_gmt":"2026-04-03T19:34:15","slug":"femisan-gold-60-kapsula-2","status":"publish","type":"product","link":"https:\/\/apotekar-online.rs\/ro\/p\/femisan-gold-60-kapsula-2\/","title":{"rendered":"FemiSan Gold, 60 kapsula"},"content":{"rendered":"","protected":false},"excerpt":{"rendered":"<div class=\"wysiwyg\">\n<h2>Descriere produs<\/h2>\n<p>Dodatak ishrani na bazi lekovitog bilja u kapsulama sa ekstraktom konopljike, divljeg jama, cimicifuge, \u017een \u0161ena, hmelja i an\u0111elike, namenjen \u017eenama tokom perimenopauze i menopauze, koji doprinosi hormonskoj ravnote\u017ei i ubla\u017eavanju simptoma povezanih s klimakterijumom.<\/p>\n<h2>Delovanje i na\u010din primene<\/h2>\n<p>1 kapsulu popiti jednom do dva puta dnevno pre jela.<\/p>\n<h2>Compozi\u0163ie<\/h2>\n<p>Aktivni sastojci: Suvi ekstrakt korena angelike (Angelica arheangelica L.), odnos droga: ekstrakt 4:1 ;\u00a0suvi ekstrakt ploda konopljike (V. agnus castus), droga: ekstrakt 4:1 ;\u00a0suvi ekstrakt korena divljeg jama (Dioscorea villosa L.) droga: ekstrakt 4:1 ;\u00a0suvi ekstrakt cveta i herbe hmelja (Humulus lupulus L), odnos droga: ekstrakt 4:1 ;\u00a0suvi ekstrakt korena \u017een-\u0161ena (Panax ginseng) stabilizovano na 5% ginsenozida, droga: ekstrakt 4:1 ;\u00a0suvi ekstrakt korena cimicifuge (Black Cohosh) (Actaea racemosa L. syn Cimicifuga racemosa), droga: ekstrakt 4:1.<\/p>\n<p>&nbsp;<\/p>\n<\/div>\n<div class=\"product-info\">\n<h3 class=\"title\"><i class=\"icon-clipboard mr-1\" aria-hidden=\"true\"><\/i>\u00a0Informa\u021bii suplimentare<\/h3>\n<table class=\"info-table\">\n<tbody>\n<tr>\n<th>Produc\u0103tor:<\/th>\n<td><a href=\"https:\/\/benu.rs\/herba-svet-d-o-o\">Herba Svet d.o.o.<\/a><\/td>\n<\/tr>\n<tr>\n<th>EAN kod:<\/th>\n<td>8606106734485<\/td>\n<\/tr>\n<tr>\n<th>Brend:<\/th>\n<td><a href=\"https:\/\/benu.rs\/femisan\">Femisan<\/a><\/td>\n<\/tr>\n<tr>\n<th>Caracteristici:<\/th>\n<td>Doprinosi hormonskoj ravnote\u017ei i ubla\u017eavanju simptoma u perimenopauzi i menopauzi.<\/td>\n<\/tr>\n<tr>\n<th>Osobine artikla:<\/th>\n<td>Doprinosi hormonskoj ravnote\u017ei.<\/td>\n<\/tr>\n<tr>\n<th>\u021aara de origine:<\/th>\n<td>Republica Serbia<\/td>\n<\/tr>\n<\/tbody>\n<\/table>\n<\/div>","protected":false},"featured_media":9009,"template":"","meta":[],"product_brand":[],"product_cat":[3054],"product_tag":[3287,1709,3202,3286],"class_list":{"0":"post-9008","1":"product","2":"type-product","3":"status-publish","4":"has-post-thumbnail","6":"product_cat-akcija","7":"product_tag-angelika","8":"product_tag-betty","9":"product_tag-herba","10":"product_tag-zen-sen","12":"first","13":"instock","14":"sale","15":"shipping-taxable","16":"purchasable","17":"product-type-simple"},"ams_default_variation_id":0,"ams_product_points_reward":[],"ams_product_discount_percentage":10,"ams_price_to_display":2347.38,"ams_acf":[],"jetpack_sharing_enabled":true,"_links":{"self":[{"href":"https:\/\/apotekar-online.rs\/ro\/wp-json\/wp\/v2\/product\/9008","targetHints":{"allow":["GET"]}}],"collection":[{"href":"https:\/\/apotekar-online.rs\/ro\/wp-json\/wp\/v2\/product"}],"about":[{"href":"https:\/\/apotekar-online.rs\/ro\/wp-json\/wp\/v2\/types\/product"}],"wp:featuredmedia":[{"embeddable":true,"href":"https:\/\/apotekar-online.rs\/ro\/wp-json\/wp\/v2\/media\/9009"}],"wp:attachment":[{"href":"https:\/\/apotekar-online.rs\/ro\/wp-json\/wp\/v2\/media?parent=9008"}],"wp:term":[{"taxonomy":"product_brand","embeddable":true,"href":"https:\/\/apotekar-online.rs\/ro\/wp-json\/wp\/v2\/product_brand?post=9008"},{"taxonomy":"product_cat","embeddable":true,"href":"https:\/\/apotekar-online.rs\/ro\/wp-json\/wp\/v2\/product_cat?post=9008"},{"taxonomy":"product_tag","embeddable":true,"href":"https:\/\/apotekar-online.rs\/ro\/wp-json\/wp\/v2\/product_tag?post=9008"}],"curies":[{"name":"wp","href":"https:\/\/api.w.org\/{rel}","templated":true}]}}