{"id":9013,"date":"2026-04-03T18:06:04","date_gmt":"2026-04-03T20:06:04","guid":{"rendered":"https:\/\/apotekar-online.rs\/?post_type=product&#038;p=9013"},"modified":"2026-04-03T18:06:05","modified_gmt":"2026-04-03T20:06:05","slug":"betavitevit-neuro-b12-b6-30-tableta","status":"publish","type":"product","link":"https:\/\/apotekar-online.rs\/ro\/p\/betavitevit-neuro-b12-b6-30-tableta\/","title":{"rendered":"Betavitevit Neuro B12 + B6 30 tableta"},"content":{"rendered":"","protected":false},"excerpt":{"rendered":"<p><strong>Betavitevit B12 neuro + vitamin B6 sublingvalne tablete<\/strong>\u00a0su formulisane na bazi vitamina B12 i B6, \u010dija se upotreba preporu\u010duje kod nedostatka i pove\u0107anih potreba za ovim vitaminima. Blagi nedostatak vitamina B12 je prili\u010dno \u010desta pojava, zato \u0161to je ovo vitamin vrlo slo\u017eene strukture i te\u0161ko se resorbuje u organizmu. Starenjem se sve te\u017ee resorbuje u organizmu, pa je njegova suplementacija neophodna kod ljudi preko 65 godina starosti, a sve \u010de\u0161\u0107e se preporu\u010duje osobama koje se hrane vegetarijanski i makrobioti\u010dki jer su oni su posebno skloni deficitu ovog vitamina. Pove\u0107ane koli\u010dine vitamina B6 potrebne su osobama sa te\u0161kim infekcijama, groznicom, onima koji su na hemodijalizi. Osobe koje \u017eive pod pove\u0107anim stresom i alkoholi\u010dari tako\u0111e treba da unose vi\u0161e B6 vitamina. Prema nekim istra\u017eivanjima, vitamin B6 je neophodan i \u017eenama koje pate od simptoma predmenstrualnog sindroma (PMS).<\/p>\n<p>&nbsp;<\/p>\n<p><strong>sastav:<\/strong><\/p>\n<ul>\n<li>Vitamin B6 (piridoksin hidrohlorid) 10mg<\/li>\n<li>Vitamin B12 (metilkobalamin) 1000 \u00b5g<\/li>\n<\/ul>\n<p><strong>delovanje:<\/strong><\/p>\n<p><strong>Vitamin B12<\/strong>\u00a0je hidrosolubilni vitamin koji ima klju\u010dnu ulogu u pravilnom funcionisanju nervnog sistema i stvaranju crvenih krvnih zrnaca. Uklju\u010den je u metabolizam svih \u0107elija ljudskog organizma, uti\u010de na sintezu genetskog materijala (DNK i RNK) i na metabolizam ugljenih hidrata, amino i masnih kiselina. Vitamin B12 popravlja sposobnost koncentracije, pam\u0107enja i ravnote\u017ee i povoljno deluje na izgled ko\u017ee i kose.<\/p>\n<p><strong>Vitamina B6<\/strong>\u00a0je hidrosolubilni vitamin i jedan je od najva\u017enijih hranljivih sastojaka za funkcionisanje ljudskog organizma jer u\u010destvuje u vi\u0161e procesa u organizmu nego bilo koji drugi vitamin. On pre svega deluje kao koenzim, supstanca koja deluje zajedno sa drugim enzimima da bi se ubrzale hemijske reakcije u \u0107elijama. Sinergisti\u010dkim dejstvom sa vitaminom B12, smanjuje nivo homocisteina u krvi, a samim tim smanjuje rizik od bolesti srca i drugih vaskularnih oboljenja. Va\u017ean je i za stvaranje crvenih krvnih zrnaca. Vitamin B6 omogu\u0107ava proizvodnju neurotransmitera, jedinjenja u mozgu za prenos informacija u nervnom sistemu, pa tako mo\u017ee da smanji verovatno\u0107u od epilepti\u010dkih napada i da pobolj\u0161a raspolo\u017eenje kod osoba koje pate od depresije. Vitamin B6 olak\u0161ava i simptome sindroma karpalnog tunela, mo\u017ee da smanji ja\u010dinu i u\u010destalost napada astme, ubla\u017eava nesanicu, poma\u017ee u o\u010duvanju nerava zdravim.<\/p>\n<p>&nbsp;<\/p>\n<p><strong>namene:<\/strong><\/p>\n<p>Este recomandat:<\/p>\n<ul>\n<li>Za pravilno funkcionisanje nervnog sistema i adekvatno odvijanje psiholo\u0161kih funkcija<\/li>\n<li>Kod hroni\u010dnog umora i malaksalosti<\/li>\n<li>Kod perniciozne anemije<\/li>\n<li>Za normalno funkcionisanje imunskog sistema i za\u0161titu \u0107elija od oksidativnog stresa<\/li>\n<li>Kod kardiovaskularnih bolesnika i osoba sa povi\u0161enim vrednostima lipida u krvi<\/li>\n<li>Kod predmenstrualnog sindroma (PMS) i drugih hormonskih poreme\u0107aja u organizmu<\/li>\n<\/ul>","protected":false},"featured_media":9014,"template":"","meta":[],"product_brand":[3091],"product_cat":[3054],"product_tag":[1709,291,232],"class_list":{"0":"post-9013","1":"product","2":"type-product","3":"status-publish","4":"has-post-thumbnail","6":"product_brand-esensa","7":"product_cat-akcija","8":"product_tag-betty","9":"product_tag-vitamin-b12","10":"product_tag-vitamin-b6","12":"first","13":"instock","14":"sale","15":"shipping-taxable","16":"purchasable","17":"product-type-simple"},"ams_default_variation_id":0,"ams_product_points_reward":[],"ams_product_discount_percentage":15,"ams_price_to_display":821.1,"ams_acf":[],"jetpack_sharing_enabled":true,"_links":{"self":[{"href":"https:\/\/apotekar-online.rs\/ro\/wp-json\/wp\/v2\/product\/9013","targetHints":{"allow":["GET"]}}],"collection":[{"href":"https:\/\/apotekar-online.rs\/ro\/wp-json\/wp\/v2\/product"}],"about":[{"href":"https:\/\/apotekar-online.rs\/ro\/wp-json\/wp\/v2\/types\/product"}],"wp:featuredmedia":[{"embeddable":true,"href":"https:\/\/apotekar-online.rs\/ro\/wp-json\/wp\/v2\/media\/9014"}],"wp:attachment":[{"href":"https:\/\/apotekar-online.rs\/ro\/wp-json\/wp\/v2\/media?parent=9013"}],"wp:term":[{"taxonomy":"product_brand","embeddable":true,"href":"https:\/\/apotekar-online.rs\/ro\/wp-json\/wp\/v2\/product_brand?post=9013"},{"taxonomy":"product_cat","embeddable":true,"href":"https:\/\/apotekar-online.rs\/ro\/wp-json\/wp\/v2\/product_cat?post=9013"},{"taxonomy":"product_tag","embeddable":true,"href":"https:\/\/apotekar-online.rs\/ro\/wp-json\/wp\/v2\/product_tag?post=9013"}],"curies":[{"name":"wp","href":"https:\/\/api.w.org\/{rel}","templated":true}]}}