{"id":9019,"date":"2026-04-03T19:04:48","date_gmt":"2026-04-03T21:04:48","guid":{"rendered":"https:\/\/apotekar-online.rs\/?post_type=product&#038;p=9019"},"modified":"2026-04-03T19:04:48","modified_gmt":"2026-04-03T21:04:48","slug":"bronhera-600-5-kesica","status":"publish","type":"product","link":"https:\/\/apotekar-online.rs\/ro\/p\/bronhera-600-5-kesica\/","title":{"rendered":"Bronhera 600, 5 kesica"},"content":{"rendered":"","protected":false},"excerpt":{"rendered":"<div class=\"bg-background p-6\">\n<div class=\"bg-background w-full border-none\" data-state=\"open\">\n<h2>Opis proizvoda<\/h2>\n<div id=\"radix-_R_73qnpfiv5t9lb_\" class=\"max-w-full pt-6 text-sm leading-relaxed font-normal break-words text-gray-700 md:max-w-[700px]\" data-state=\"open\">\n<div class=\"rich-text-wrapper\">Bronhera 600 su granule citrusnog ukusa bez \u0161e\u0107era koje sadr\u017ee N-acetilcistein. N-acetilcistein je sna\u017ean mukolitik koji razre\u0111uje gusti, viskozni sekret i omogu\u0107ava njegovo lak\u0161e izbacivanje, \u010dime se uspostavlja normalan protok vazduha kroz disajne puteve i olak\u0161ava disanje.<\/p>\n<p>Preporu\u010duje se kod:<br \/>\n\u2022 Produktivnog ka\u0161lja<br \/>\n\u2022 Poja\u010danog stvaranja sekreta u disajnim putevima i ote\u017eanog disanja<br \/>\n\u2022 Bakterijskih i virusnih respiratornih infekcija pra\u0107enih ka\u0161ljem<\/p><\/div>\n<\/div>\n<\/div>\n<\/div>\n<div class=\"bg-background my-6 px-6 pb-6 md:my-0\">\n<div class=\"bg-background w-full pt-6 md:border-t md:border-[--color-border]\" data-state=\"open\">\n<h2>Specifikacije i deklaracija<\/h2>\n<div id=\"radix-_R_93qnpfiv5t9lb_\" class=\"max-w-full pt-6 text-sm leading-relaxed font-normal break-words md:max-w-lg\" data-state=\"open\">\n<div class=\"mb-1 flex min-h-9 w-full items-stretch justify-between overflow-hidden rounded-md\">\n<div class=\"bg-neutral-10 w-[calc(50%-2px)] px-4 py-2 break-words\" data-testid=\"undefined-key\">Brend<\/div>\n<div class=\"bg-neutral-5 w-[calc(50%-2px)] px-4 py-2 break-words whitespace-pre-wrap\" data-testid=\"undefined-value\">GALENIKA<\/div>\n<\/div>\n<div class=\"w-full mt-6\" data-testid=\"product-specification-item\">\n<h3 class=\"mb-4 text-base text-sm font-semibold\">Sastav i primena<\/h3>\n<div class=\"mb-1 flex min-h-9 w-full items-stretch justify-between overflow-hidden rounded-md\">\n<div class=\"bg-neutral-10 w-[calc(50%-2px)] px-4 py-2 break-words\" data-testid=\"undefined-key\">Sasto\u0458ci<\/div>\n<div class=\"bg-neutral-5 w-[calc(50%-2px)] px-4 py-2 break-words whitespace-pre-wrap\" data-testid=\"undefined-value\">N-acetil cistein 600 mg.<\/div>\n<\/div>\n<div class=\"mb-1 flex min-h-9 w-full items-stretch justify-between overflow-hidden rounded-md\">\n<div class=\"bg-neutral-10 w-[calc(50%-2px)] px-4 py-2 break-words\" data-testid=\"undefined-key\">Uputstva<\/div>\n<div class=\"bg-neutral-5 w-[calc(50%-2px)] px-4 py-2 break-words whitespace-pre-wrap\" data-testid=\"undefined-value\">Odrasli i deca iznad 14 godina: 1 kesicu dnevno razmutiti u \u010da\u0161i vode.<\/div>\n<\/div>\n<\/div>\n<div class=\"w-full mt-6\" data-testid=\"product-specification-item\">\n<h3 class=\"mb-4 text-base text-sm font-semibold\">Ostale karakteristike<\/h3>\n<div class=\"mb-1 flex min-h-9 w-full items-stretch justify-between overflow-hidden rounded-md\">\n<div class=\"bg-neutral-10 w-[calc(50%-2px)] px-4 py-2 break-words\" data-testid=\"undefined-key\">Koli\u010dina u pakovanju<\/div>\n<div class=\"bg-neutral-5 w-[calc(50%-2px)] px-4 py-2 break-words whitespace-pre-wrap\" data-testid=\"undefined-value\">5<\/div>\n<\/div>\n<\/div>\n<div class=\"w-full mt-6\" data-testid=\"product-specification-item\">\n<h3 class=\"mb-4 text-base text-sm font-semibold\">Te\u017eina i dimenzi\u0458e<\/h3>\n<div class=\"mb-1 flex min-h-9 w-full items-stretch justify-between overflow-hidden rounded-md\">\n<div class=\"bg-neutral-10 w-[calc(50%-2px)] px-4 py-2 break-words\" data-testid=\"undefined-key\">Te\u017eina<\/div>\n<div class=\"bg-neutral-5 w-[calc(50%-2px)] px-4 py-2 break-words whitespace-pre-wrap\" data-testid=\"undefined-value\">0.02 kg<\/div>\n<\/div>\n<\/div>\n<\/div>\n<\/div>\n<\/div>\n","protected":false},"featured_media":9020,"template":"","meta":[],"product_brand":[3081],"product_cat":[3054],"product_tag":[1709,3288],"class_list":{"0":"post-9019","1":"product","2":"type-product","3":"status-publish","4":"has-post-thumbnail","6":"product_brand-galenika","7":"product_cat-akcija","8":"product_tag-betty","9":"product_tag-n-acetil","11":"first","12":"instock","13":"sale","14":"shipping-taxable","15":"purchasable","16":"product-type-simple"},"ams_default_variation_id":0,"ams_product_points_reward":[],"ams_product_discount_percentage":15.01,"ams_price_to_display":346,"ams_acf":[],"jetpack_sharing_enabled":true,"_links":{"self":[{"href":"https:\/\/apotekar-online.rs\/ro\/wp-json\/wp\/v2\/product\/9019","targetHints":{"allow":["GET"]}}],"collection":[{"href":"https:\/\/apotekar-online.rs\/ro\/wp-json\/wp\/v2\/product"}],"about":[{"href":"https:\/\/apotekar-online.rs\/ro\/wp-json\/wp\/v2\/types\/product"}],"wp:featuredmedia":[{"embeddable":true,"href":"https:\/\/apotekar-online.rs\/ro\/wp-json\/wp\/v2\/media\/9020"}],"wp:attachment":[{"href":"https:\/\/apotekar-online.rs\/ro\/wp-json\/wp\/v2\/media?parent=9019"}],"wp:term":[{"taxonomy":"product_brand","embeddable":true,"href":"https:\/\/apotekar-online.rs\/ro\/wp-json\/wp\/v2\/product_brand?post=9019"},{"taxonomy":"product_cat","embeddable":true,"href":"https:\/\/apotekar-online.rs\/ro\/wp-json\/wp\/v2\/product_cat?post=9019"},{"taxonomy":"product_tag","embeddable":true,"href":"https:\/\/apotekar-online.rs\/ro\/wp-json\/wp\/v2\/product_tag?post=9019"}],"curies":[{"name":"wp","href":"https:\/\/api.w.org\/{rel}","templated":true}]}}