{"id":9042,"date":"2026-04-04T18:19:26","date_gmt":"2026-04-04T20:19:26","guid":{"rendered":"https:\/\/apotekar-online.rs\/?post_type=product&#038;p=9042"},"modified":"2026-04-04T18:19:26","modified_gmt":"2026-04-04T20:19:26","slug":"livsane-hidratantna-krema-za-lice-50-ml","status":"publish","type":"product","link":"https:\/\/apotekar-online.rs\/ro\/p\/livsane-hidratantna-krema-za-lice-50-ml\/","title":{"rendered":"LIVSANE Hidratantna krema za lice, 50 ml"},"content":{"rendered":"","protected":false},"excerpt":{"rendered":"<div class=\"wysiwyg\">\n<h2>Descriere produs<\/h2>\n<p>LIVSANE\u00a0Hidratantna krema za lice omogu\u0107ava celodnevnu hidrataciju neophodnu za odr\u017eavanje zdrave ko\u017ee. Odr\u017eava prirodnu\u00a0pH i intenzivno vla\u017ei ko\u017eu, \u010dine\u0107i je mekom i glatkom. Pogodna je za negu kako suve, tako i masne ko\u017ee.<\/p>\n<h2>Dozaj \u0219i mod de administrare<\/h2>\n<p>Naneti laganim pokretima na \u010distu i suvu ko\u017eu lica. Mo\u017ee se koristiti za sve tipove ko\u017ee, kao dnevna i no\u0107na nega.<\/p>\n<h2>Compozi\u0163ie<\/h2>\n<p>Ozna\u010den na pakovanju.<\/p>\n<p>&nbsp;<\/p>\n<\/div>\n<div class=\"product-info\">\n<h3 class=\"title\"><i class=\"icon-clipboard mr-1\" aria-hidden=\"true\"><\/i>\u00a0Informa\u021bii suplimentare<\/h3>\n<table class=\"info-table\">\n<tbody>\n<tr>\n<th>Produc\u0103tor:<\/th>\n<td><a href=\"https:\/\/benu.rs\/livsane-1612525398\">LIVSANE<\/a><\/td>\n<\/tr>\n<tr>\n<th>EAN kod:<\/th>\n<td>8606017641544<\/td>\n<\/tr>\n<tr>\n<th>Brend:<\/th>\n<td><a href=\"https:\/\/benu.rs\/livsane\">LIVSANE<\/a><\/td>\n<\/tr>\n<tr>\n<th>Linija proizvoda:<\/th>\n<td><a href=\"https:\/\/benu.rs\/livsane-galenska-kozmetika\">LIVSANE Galenska kozmetika<\/a><\/td>\n<\/tr>\n<tr>\n<th>Caracteristici:<\/th>\n<td>Omogu\u0107ava celodnevnu hidrataciju neophodnu za odr\u017eavanje zdrave ko\u017ee.<\/td>\n<\/tr>\n<tr>\n<th>Osobine artikla:<\/th>\n<td>Za sve tipove ko\u017ee.<\/td>\n<\/tr>\n<tr>\n<th>Osobine artikla:<\/th>\n<td>Mo\u017ee se koristiti kao dnevna i no\u0107na nega.<\/td>\n<\/tr>\n<\/tbody>\n<\/table>\n<\/div>","protected":false},"featured_media":9043,"template":"","meta":[],"product_brand":[3090],"product_cat":[3054,547],"product_tag":[1709],"class_list":{"0":"post-9042","1":"product","2":"type-product","3":"status-publish","4":"has-post-thumbnail","6":"product_brand-livsane","7":"product_cat-akcija","8":"product_cat-kozmetika-i-nega-za-odrasle","9":"product_tag-betty","11":"first","12":"instock","13":"sale","14":"shipping-taxable","15":"purchasable","16":"product-type-simple"},"ams_default_variation_id":0,"ams_product_points_reward":[],"ams_product_discount_percentage":13.04,"ams_price_to_display":519.6,"ams_acf":[],"jetpack_sharing_enabled":true,"_links":{"self":[{"href":"https:\/\/apotekar-online.rs\/ro\/wp-json\/wp\/v2\/product\/9042","targetHints":{"allow":["GET"]}}],"collection":[{"href":"https:\/\/apotekar-online.rs\/ro\/wp-json\/wp\/v2\/product"}],"about":[{"href":"https:\/\/apotekar-online.rs\/ro\/wp-json\/wp\/v2\/types\/product"}],"wp:featuredmedia":[{"embeddable":true,"href":"https:\/\/apotekar-online.rs\/ro\/wp-json\/wp\/v2\/media\/9043"}],"wp:attachment":[{"href":"https:\/\/apotekar-online.rs\/ro\/wp-json\/wp\/v2\/media?parent=9042"}],"wp:term":[{"taxonomy":"product_brand","embeddable":true,"href":"https:\/\/apotekar-online.rs\/ro\/wp-json\/wp\/v2\/product_brand?post=9042"},{"taxonomy":"product_cat","embeddable":true,"href":"https:\/\/apotekar-online.rs\/ro\/wp-json\/wp\/v2\/product_cat?post=9042"},{"taxonomy":"product_tag","embeddable":true,"href":"https:\/\/apotekar-online.rs\/ro\/wp-json\/wp\/v2\/product_tag?post=9042"}],"curies":[{"name":"wp","href":"https:\/\/api.w.org\/{rel}","templated":true}]}}