{"id":9047,"date":"2026-04-04T18:36:40","date_gmt":"2026-04-04T20:36:40","guid":{"rendered":"https:\/\/apotekar-online.rs\/?post_type=product&#038;p=9047"},"modified":"2026-04-04T18:36:40","modified_gmt":"2026-04-04T20:36:40","slug":"livsane-pantenol-mast-5-30-ml","status":"publish","type":"product","link":"https:\/\/apotekar-online.rs\/ro\/p\/livsane-pantenol-mast-5-30-ml\/","title":{"rendered":"LIVSANE Pantenol mast 5%, 30 ml"},"content":{"rendered":"","protected":false},"excerpt":{"rendered":"<div class=\"wysiwyg\">\n<h2>Descriere produs<\/h2>\n<p>LIVSANE Pantenol mast 5% preporu\u010duje se za negu suve i osetljive ko\u017ee. Primenjuje se kod bla\u017eih opekotina, ekcema, kao i za ubla\u017eavanje svraba, crvenila i peckanja kod alergijskih reakcija i ojeda.<\/p>\n<h2>Dozaj \u0219i mod de administrare<\/h2>\n<p>Naneti vi\u0161e puta u toku dana, na \u010distu i suvu ko\u017eu.<\/p>\n<h2>Compozi\u0163ie<\/h2>\n<p>Pantenol<\/p>\n<p>&nbsp;<\/p>\n<\/div>\n<div class=\"product-info\">\n<h3 class=\"title\"><i class=\"icon-clipboard mr-1\" aria-hidden=\"true\"><\/i>\u00a0Informa\u021bii suplimentare<\/h3>\n<table class=\"info-table\">\n<tbody>\n<tr>\n<th>Produc\u0103tor:<\/th>\n<td><a href=\"https:\/\/benu.rs\/livsane-1612525398\">LIVSANE<\/a><\/td>\n<\/tr>\n<tr>\n<th>EAN kod:<\/th>\n<td>8606017641148<\/td>\n<\/tr>\n<tr>\n<th>Brend:<\/th>\n<td><a href=\"https:\/\/benu.rs\/livsane\">LIVSANE<\/a><\/td>\n<\/tr>\n<tr>\n<th>Linija proizvoda:<\/th>\n<td><a href=\"https:\/\/benu.rs\/livsane-galenska-kozmetika\">LIVSANE Galenska kozmetika<\/a><\/td>\n<\/tr>\n<tr>\n<th>Caracteristici:<\/th>\n<td>Preporu\u010duje se za negu suve i osetljive ko\u017ee.<\/td>\n<\/tr>\n<tr>\n<th>Osobine artikla:<\/th>\n<td>Primenjuje se kod bla\u017eih opekotina, ekcema, kao i za ubla\u017eavanje svraba, crvenila i peckanja.<\/td>\n<\/tr>\n<tr>\n<th>Osobine artikla:<\/th>\n<td>Pogodna za regeneracija ko\u017ee posle brijanja i depilacije.<\/td>\n<\/tr>\n<\/tbody>\n<\/table>\n<\/div>","protected":false},"featured_media":9048,"template":"","meta":[],"product_brand":[3090],"product_cat":[3054],"product_tag":[1709,623],"class_list":{"0":"post-9047","1":"product","2":"type-product","3":"status-publish","4":"has-post-thumbnail","6":"product_brand-livsane","7":"product_cat-akcija","8":"product_tag-betty","9":"product_tag-pantenol","11":"first","12":"instock","13":"sale","14":"shipping-taxable","15":"purchasable","16":"product-type-simple"},"ams_default_variation_id":0,"ams_product_points_reward":[],"ams_product_discount_percentage":13.04,"ams_price_to_display":271.2,"ams_acf":[],"jetpack_sharing_enabled":true,"_links":{"self":[{"href":"https:\/\/apotekar-online.rs\/ro\/wp-json\/wp\/v2\/product\/9047","targetHints":{"allow":["GET"]}}],"collection":[{"href":"https:\/\/apotekar-online.rs\/ro\/wp-json\/wp\/v2\/product"}],"about":[{"href":"https:\/\/apotekar-online.rs\/ro\/wp-json\/wp\/v2\/types\/product"}],"wp:featuredmedia":[{"embeddable":true,"href":"https:\/\/apotekar-online.rs\/ro\/wp-json\/wp\/v2\/media\/9048"}],"wp:attachment":[{"href":"https:\/\/apotekar-online.rs\/ro\/wp-json\/wp\/v2\/media?parent=9047"}],"wp:term":[{"taxonomy":"product_brand","embeddable":true,"href":"https:\/\/apotekar-online.rs\/ro\/wp-json\/wp\/v2\/product_brand?post=9047"},{"taxonomy":"product_cat","embeddable":true,"href":"https:\/\/apotekar-online.rs\/ro\/wp-json\/wp\/v2\/product_cat?post=9047"},{"taxonomy":"product_tag","embeddable":true,"href":"https:\/\/apotekar-online.rs\/ro\/wp-json\/wp\/v2\/product_tag?post=9047"}],"curies":[{"name":"wp","href":"https:\/\/api.w.org\/{rel}","templated":true}]}}