{"id":9081,"date":"2026-04-26T18:21:16","date_gmt":"2026-04-26T20:21:16","guid":{"rendered":"https:\/\/apotekar-online.rs\/?post_type=product&#038;p=9081"},"modified":"2026-04-26T18:21:16","modified_gmt":"2026-04-26T20:21:16","slug":"septanazal-sprej-za-odrasle-10ml","status":"publish","type":"product","link":"https:\/\/apotekar-online.rs\/ro\/p\/septanazal-sprej-za-odrasle-10ml\/","title":{"rendered":"Septanazal sprej za odrasle 10ml"},"content":{"rendered":"","protected":false},"excerpt":{"rendered":"<p><b>\u00a0\u0160TA JE LEK SEPTANAZAL ZA ODRASLE I \u010cEMU JE NAMENJEN<\/b><br \/>\nOvaj lek je sprej za nos, rastvor. Septanazal za odrasle sadr\u017ei dve aktivne supstance: ksilometazolin (u obliku ksilometazolin-hidrohlorida) i dekspantenol. Ksilometazolin su\u017eava krvne sudove sluzoko\u017ee nosa, \u0161to dovodi do smanjenja otoka sluzoko\u017ee nosa. Posledicaovog efekta je smanjen ose\u0107aj zapu\u0161enosti nosa i bolja eliminacija sekreta iz nosa. Dekspantenol je derivat pantotenske kiseline, vitamina koji ubrzava zarastanje rana i \u0161titi mukozne membrane.<br \/>\nSeptanazal za odrasle je namenjen za:<\/p>\n<ul>\n<li>reducerea senza\u021biei de congestie nazal\u0103 (decongestie nazal\u0103) \u00een timpul inflama\u021biei mucoasei nazale (rinit\u0103),<\/li>\n<li>\u00eembun\u0103t\u0103\u021birea vindec\u0103rii leziunilor mucoasei,<\/li>\n<li>za ubla\u017eavanje nealergijskog tipa zapaljenja sluzoko\u017ee nosa (vazomotornog rinitisa) i<\/li>\n<li>le\u010denje ote\u017eenog disanja na nos posle operacije nosa.<\/li>\n<\/ul>\n<p>Septanazal za odrasle je namenjen odraslima i deci starijoj od 12 godina.<\/p>\n<p><b>\u00a0\u0160TA TREBA DA ZNATE PRE NEGO \u0160TO UZMETE LEK SEPTANAZAL ZA ODRASLE<\/b><br \/>\nAvertiza\u021bi medicul dac\u0103 lua\u021bi alte medicamente, ave\u021bi o boal\u0103 cronic\u0103, o tulburare metabolic\u0103, sunte\u021bi hipersensibil la medicamente sau a\u021bi avut reac\u021bii alergice la unele dintre ele.<br \/>\n<b>Lek Septanazal za odrasle ne smete koristiti:<\/b><\/p>\n<ul>\n<li>ako ste alergi\u010dni (preosetljivi) na aktivnu supstancu ili na neki drugi sastojak leka Septanazal za odrasle (navedeni u delu 6),<\/li>\n<li>ako imate suvu inflamaciju (zapaljenje) sluzoko\u017ee nosa sa krasticama (rhinitis sicca),<\/li>\n<li>ako ste imali hirur\u0161ko otklanjanje pituitarne \u017elezde (hipofize) ili druge hiru\u0161ke intervencije na meningeama (ovojnicama mozga).<\/li>\n<li>kod dece mla\u0111e od 12 godina.<\/li>\n<\/ul>\n<p>Ako niste sigurni da li se bilo \u0161ta od navedenog odnosi na Vas, razgovarajte sa lekarom ili farmaceutom pre nego \u0161to po\u010dnete da uzimate lek Septanazal za odrasle.<\/p>\n<p><b>Kada uzimate lek Septanazal za odrasle, posebno vodite ra\u010duna:<\/b><br \/>\nProverite sa lekarom ili farmaceutom pre nego \u0161to po\u010dnete da uzimate lek Septanazal za odrasle:<\/p>\n<ul>\n<li>ako uzimate inhibitore monoamino oksidaze (MAO inhibitore) ili druge lekove koji mogu da dovedu do pove\u0107anja krvnog pritiska,<\/li>\n<li>ako imate povi\u0161en intraokularni pritisak, posebno kod glaukoma zatvorenog ugla,<\/li>\n<li>dac\u0103 ave\u021bi o boal\u0103 sever\u0103 a inimii \u0219i a vaselor de s\u00e2nge (de exemplu, boal\u0103 coronarian\u0103, hipertensiune arterial\u0103 (hipertensiune arterial\u0103),<\/li>\n<li>ako imate tumor sr\u017ei nadbubre\u017ene \u017elezde (feohromocitom),<\/li>\n<li>ako imate metaboli\u010dke poreme\u0107aje (npr. pove\u0107anu aktivnost \u0161titne \u017elezde (hipertireoidizam), dijabetes (\u0161e\u0107ernu bolest),<\/li>\n<li>ako imate poreme\u0107aj metabolizma koji se naziva porfirija,<\/li>\n<li>ako pacijent ima dobro\u0107udno pove\u0107anje prostate (hiperplaziju prostate).<\/li>\n<\/ul>\n<p>Tokom hroni\u010dnog rinitisa, sprej upotrebljavati samo pod nadzorom lekara zbog opasnosti od nastanka atrofije sluzoko\u017ee nosa. Molimo Vas, razgovarajte sa svojim lekarom ili farmaceutom pre upotrebe ovog leka.<\/p>\n<p>Copii<br \/>\nTrebuie evitat\u0103 utilizarea pe termen lung sau administrarea unei doze mai mari dec\u00e2t cea prev\u0103zut\u0103, \u00een special la copii. Utilizarea dozelor mai mari trebuie s\u0103 fie sub strict\u0103 supraveghere medical\u0103.<\/p>\n<p>Septanazal za odrasle sadr\u017ei koncentraciju leka koja je namenjena odraslima i deci starijoj od 12 godina, pa zato nije pogodan za decu mla\u0111u od 12 godina.\u00a0Sprej za nos manje ja\u010dine dostupan je za decu od 6 do 12 godina.<\/p>\n<p>Ako niste sigurni da li se bilo \u0161ta od navedenog odnosi na Vas, razgovarajte sa lekarom ili farmaceutom pre nego \u0161to po\u010dnete da uzimate lek Septanazal za odrasle.<\/p>\n<p><b>Administrarea altor medicamente<\/b><br \/>\nObavestite svog lekara ili farmaceuta ako uzimate ili ste donedavno uzimali neki drugi lek, uklju\u010duju\u0107i i one koji se nabavljaju bez lekarskog recepta. Istovremeno uzimanje Septanazala za odrasle sa pojedinim lekovima koji pobolj\u0161avaju raspolo\u017eenje (inhibitori MAO tipa tranilcipromin ili tricikli\u010dnih antidepresiva) kao i sa lekovima koji pove\u0107avaju krvni pritisak, mo\u017ee zbog uticaja na kardiovaskularne funkcije, da dovede do pove\u0107anja krvnog pritiska.<\/p>\n<p><b>Uzimanje leka Septanazal za odrasle sa hranom ili pi\u0107ima<\/b><br \/>\nOvaj lek mo\u017eete koristiti bez obzira na obroke.<\/p>\n<p><b>Primena leka Septanazal za odrasle u periodu trudno\u0107e i dojenja<\/b><br \/>\nPre nego \u0161to po\u010dnete da uzimate neki lek, posavetujte se sa svojim lekarom ili farmaceutom. Recite svom lekaru ako ste trudni, ako nameravate da zatrudnite ili ako dojite. Septanazal za odrasle ne treba da koriste trudnice, jer nema podataka o uticaju ovog leka na razvoj ploda. Septanazal za odrasle ne treba da koriste dojilje, jer se ne zna da li se ksilometazolin-hidrohlorid izlu\u010duje u maj\u010dino mleko.<\/p>\n<p><b>Uticaj leka Septanazal za odrasle na upravljanje motornim vozilima i rukovanje ma\u0161inama<\/b><br \/>\nAko Septanazal za odrasle koristite u skladu sa uputstvima, ne o\u010dekuje se da \u0107e on uticati na Va\u0161u sposobnost upravljanja motornim vozilima i rukovanja ma\u0161inama.<\/p>\n<p><b>\u00a0KAKO SE UPOTREBLJAVA LEK SEPTANAZAL ZA ODRASLE<\/b><br \/>\nLek Septanazal za odralse uzimajte uvek ta\u010dno onako kako Vam je to objasnio Va\u0161 lekar. Ako niste sasvim sigurni, proverite sa svojim lekarom ili farmaceutom.<br \/>\nUkoliko lekar ne odredi druga\u010dije, odrasli i deca starija od 12 godina treba da ubrizgaju po jednu dozu Septanazala za odrasle u svaku nozdrvu, do tri puta na dan ako je potrebno, dr\u017ee\u0107i bo\u010dicu uspravno i udi\u0161u\u0107i kroz nos tokom ubrizgavanja spreja. Doza zavisi od individualne osetljivosti i klini\u010dkog odgovora. Ukoliko se ne ose\u0107ate bolje ili se simptomi pogor\u0161aju nakon 3 dana terapije, molimo Vas obratite se lekaru. Ne koristiti Septanazal za odrasle du\u017ee od 7 dana. Slede\u0107a primena je mogu\u0107a samo nakon nekoliko dana pauze. Treba uvek konsultovati lekara o trajanju le\u010denja kod dece.<\/p>\n<p>Mod de aplicare:<\/p>\n<ul>\n<li>za nazalnu upotrebu.<\/li>\n<\/ul>\n<p>Pri primeni spreja, pacijent treba da sedi. Primena leka kod dece treba da bude pod nadzorom odrasle osobe.<br \/>\nPrvo uklonite za\u0161titni poklopac sa raspr\u0161iva\u010da. Pre prve primene, neophodno je pritisnuti pumpicu par puta i prsnuti u vazduh, kako bi se postigla ujedna\u010dena doza. Prilikom primene bo\u010dica treba da stoji vertikalno. Ukoliko se sprej ne koristi par dana, pre ponovne upotrebe pritisnuti pumpicu barem jednom u vazduh, kako bi se postigla ujedna\u010dena doza. Sprej upotrebljavati nakon pra\u017enjenja nosa. Vrh raspr\u0161iva\u010da stavite u jednu nozdrvu tako da stoji u \u0161to uspravnijem polo\u017eaju i pritisnite jedanput raspr\u0161iva\u010d. Lagano udi\u0161ite kroz nos dok se sprej raspr\u0161uje. Ako je potrebno, ponovite ovaj postupak i za drugu nozdrvu. Posle svake upotrebe vrh raspr\u0161iva\u010da treba obrisati papirnom maramicom i vratiti poklopac na raspr\u0161iva\u010d. Kako bi se spre\u010dilo \u0161irenje infekcije, sprej za nos treba da koristi samo jedan pacijent, a nakon svake upotrebe pumpu za doziranje treba oprati. Produ\u017eena i pre\u010desta upotreba Septanazala za odrasle mo\u017ee da dovede do hroni\u010dnog oticanja i istanjenosti (atrofije) sluzoko\u017ee nosa. Pacijenti sa povi\u0161enim intraokularnim pritiskom (glaukomom), posebno sa takozvanim glaukomom zatvorenogugla, treba da se posavetuju sa lekarom pre upotrebe Septanazala za odrasle. Ukoliko imate utisak da lek deluje prejako ili preslabo, recite to svom lekaru ili farmaceutu.\u00a0<b>Ako ste uzeli vi\u0161e leka Septanazal za odrasle nego \u0161to je trebalo<\/b><br \/>\nUkoliko ste uzeli vi\u0161e leka nego \u0161to je trebalo, ili ako slu\u010dajno unesete ve\u0107e koli\u010dine leka mogu se pojaviti slede\u0107a ne\u017eeljena dejstva: su\u017eenje zenica (mioza), pro\u0161irenje zenica (midrijaza), groznica, znojenje, bledilo ko\u017ee, plava prebojenost usana (cijanoza), mu\u010dnina, konvulzije, poreme\u0107aji srca i krvnih sudova (ubrzan ili usporen sr\u010dani ritam, poreme\u0107aj sr\u010danog ritma, cirkulatorna slabost, zastoj srca, povi\u0161en krvni pritisak (hipertenzija), respiratorni poreme\u0107aji (otok plu\u0107a, problemi sa disanjem), i mentalni poreme\u0107aji. Tako\u0111e se mogu pojaviti: pospanost, sni\u017eenje telesne temperature, usporen sr\u010dani ritam, sni\u017een krvni pritisak, zastoj disanja i koma. U tom slu\u010daju odmah se obratite svom lekaru ili idite u najbli\u017eu medicinsku ustanovu. Ponesite sa sobom bo\u010dicu s lekom kako bi lekar znao \u0161ta ste koristili.<br \/>\n<b>Ako ste zaboravili da uzmete lek Septanazal za odrasle<br \/>\n<\/b>Nu lua\u021bi o doz\u0103 dubl\u0103 pentru a compensa doza omis\u0103.<br \/>\n<b>Ako naglo prestanete da uzimate lek Septanazal za odrasle<\/b><br \/>\nAko imate bilo kakva dodatna pitanja o kori\u0161\u0107enju ovog leka, obratite se lekaru ili farmaceutu.<\/p>\n<p><b>\u00a0POSIBILE EFECTE ADVERSE<\/b><br \/>\nKao svi lekovi, i lek Septanazal za odrasle mo\u017ee da izazove ne\u017eeljena dejstva, mada se ona ne moraju javiti kod svakoga.<br \/>\nEfectele adverse sunt clasificate \u00een func\u021bie de frecven\u021ba de apari\u021bie \u00een urm\u0103toarele grupuri:<br \/>\nVeoma \u010desto: javljaju se kod vi\u0161e od 1 na 10 pacijenata<br \/>\n\u010cesto: javljaju se kod 1 do 10 na 100 pacijenata<br \/>\nPovremeno: javljaju se kod 1 do 10 na 1.000 pacijenata<br \/>\nRetko: javljaju se kod 1 do 10 na 10.000 pacijenata<br \/>\nVeoma retko: javljaju se kod manje od 1 na 10.000 pacijenata<br \/>\nNecunoscut: nu poate fi estimat din datele disponibile<br \/>\nPovremeno: &#8211; reakcije preosetljivosti (osip na ko\u017ei, svrab, oticanje ko\u017ee i sluzoko\u017ee).<br \/>\nRetko: ose\u0107aj lupanja srca, ubrzan rad srca, visok krvni pritisak.<br \/>\nVeoma retko: uznemirenost, halucinacije (posebno kod dece), problemi sa spavanjem, \u00a0glavobolja, zamor,pospanost, sedacija, konvulzije (posebno kod dece), poreme\u0107aji sr\u010danog ritma (aritmija), pove\u0107anje otoka sluzoko\u017ee nosa, krvarenje iz nosa.<br \/>\nNepoznato: \u00a0peckanje ili suvo\u0107a sluzoko\u017ee nosa, kijanje<br \/>\nDac\u0103 vreo reac\u021bie advers\u0103 devine grav\u0103 sau observa\u021bi orice reac\u021bie advers\u0103 care nu este men\u021bionat\u0103 \u00een acest ghid, v\u0103 rug\u0103m s\u0103 v\u0103 informa\u021bi medicul sau farmacistul.<\/p>\n<p><b>\u00a0KAKO \u010cUVATI LEK SEPTANAZAL ZA ODRASLE<\/b><br \/>\nA nu se l\u0103sa la \u00eendem\u00e2na \u0219i vederea copiilor.<br \/>\n<b>Data expir\u0103rii<\/b>\u00a02 ani.<br \/>\nNemojte koristiti lek Septanazal za odrasle posle isteka roka upotrebe nazna\u010denog na pakovanju.<br \/>\nTermenul de utilizare expir\u0103 \u00een ultima zi a lunii specificate.<br \/>\n<b>P\u0103strarea<\/b>\u00a0Lek ne zahteva posebne uslove \u010duvanja. Rok upotrebe posle prvog otvaranja: 3 meseca. \u010cuvati na temperaturi do 25\u00b0C.<\/p>\n<p>Medicamentele nu trebuie aruncate \u00een canalizare sau \u00een gunoiul menajer. \u00centreba\u021bi-v\u0103 farmacistul cum s\u0103 elimina\u021bi medicamentele de care nu mai ave\u021bi nevoie. Aceste m\u0103suri ajut\u0103 la conservarea mediului. Medicamentul neutilizat este distrus \u00een conformitate cu reglement\u0103rile \u00een vigoare.<\/p>\n<p><b>\u00a0INFORMA\u021aII SUPLIMENTARE<\/b><br \/>\n<b>\u0160ta sadr\u017ei lek Septanazal za odrasle<\/b><\/p>\n<ul>\n<li>Aktivna supstanca je ksilometazolin-hidrohlorid i dekspantenol.<\/li>\n<li>1 mL spreja za nos, rastvora sadr\u017ei: 1 mg ksilometazolin-hidrohlorida i 50 mg dekspantenola.<\/li>\n<li>Jedna doza spreja (0,1 mL) sadr\u017ei: 0,1 mg ksilometazolin-hidrohlorida i 5 mg dekspantenola.<\/li>\n<li>Pomo\u0107ne supstance su kalijum-dihidrogenfosfat, dinatrijum-fosfat, dodekahidrat i voda, pre\u010di\u0161\u0107ena.<\/li>\n<\/ul>\n<p><b>Kako izgleda lek Septanazal za odrasle i sadr\u017eaj pakovanja<\/b>\u00a0Bistar, bezbojan rastvor. Na raspolaganju su kutije sa 10 mL spreja za nos, rastvora, u kojoj se nalazi bela plasti\u010dna bo\u010dica od \u00a0polietilena visoke gustine (HDPE) sa sprej pumpom i za\u0161titnom plasti\u010dnom kapicom.<\/p>\n<p><b>Licen\u021biat \u0219i produc\u0103tor<\/b><br \/>\nNosilac dozvole: Krka-Farma d.o.o., Beograd, Jurija Gagarina 26v\/II, 11 000 Beograd, Srbija Proizvo\u0111a\u010d: Krka, tovarna zdravil, d.d., Novo mesto, \u0160marje\u0161ka cesta 6, Novo mesto, Slovenija<\/p>\n<p>Re\u017eim izdavanja leka: Lek se mo\u017ee izdavati bez lekarskog recepta.<br \/>\nBroj i datum dozvole: 515-01-8889-12-001 od 27.03.2014<\/p>\n<p><b>Ambalare:\u00a0<\/b>10 ml<\/p>\n<p><b>\u00cenainte de utilizare, studia\u021bi instruc\u021biunile \u00een detaliu. Consulta\u021bi-v\u0103 medicul sau farmacistul despre indica\u021bii, precau\u021bii \u0219i reac\u021bii adverse la medicamente.<\/b><\/p>","protected":false},"featured_media":9082,"template":"","meta":[],"product_brand":[3270],"product_cat":[3054],"product_tag":[1709,1403,3297],"class_list":{"0":"post-9081","1":"product","2":"type-product","3":"status-publish","4":"has-post-thumbnail","6":"product_brand-krka","7":"product_cat-akcija","8":"product_tag-betty","9":"product_tag-dekspantenol","10":"product_tag-kalijum-dihidrogenfosfat","12":"first","13":"instock","14":"shipping-taxable","15":"product-type-simple"},"ams_default_variation_id":0,"ams_product_points_reward":[],"ams_product_discount_percentage":0,"ams_price_to_display":0,"ams_acf":[],"jetpack_sharing_enabled":true,"_links":{"self":[{"href":"https:\/\/apotekar-online.rs\/ro\/wp-json\/wp\/v2\/product\/9081","targetHints":{"allow":["GET"]}}],"collection":[{"href":"https:\/\/apotekar-online.rs\/ro\/wp-json\/wp\/v2\/product"}],"about":[{"href":"https:\/\/apotekar-online.rs\/ro\/wp-json\/wp\/v2\/types\/product"}],"wp:featuredmedia":[{"embeddable":true,"href":"https:\/\/apotekar-online.rs\/ro\/wp-json\/wp\/v2\/media\/9082"}],"wp:attachment":[{"href":"https:\/\/apotekar-online.rs\/ro\/wp-json\/wp\/v2\/media?parent=9081"}],"wp:term":[{"taxonomy":"product_brand","embeddable":true,"href":"https:\/\/apotekar-online.rs\/ro\/wp-json\/wp\/v2\/product_brand?post=9081"},{"taxonomy":"product_cat","embeddable":true,"href":"https:\/\/apotekar-online.rs\/ro\/wp-json\/wp\/v2\/product_cat?post=9081"},{"taxonomy":"product_tag","embeddable":true,"href":"https:\/\/apotekar-online.rs\/ro\/wp-json\/wp\/v2\/product_tag?post=9081"}],"curies":[{"name":"wp","href":"https:\/\/api.w.org\/{rel}","templated":true}]}}