{"id":9095,"date":"2026-04-28T04:00:02","date_gmt":"2026-04-28T06:00:02","guid":{"rendered":"https:\/\/apotekar-online.rs\/?post_type=product&#038;p=9095"},"modified":"2026-04-28T04:00:02","modified_gmt":"2026-04-28T06:00:02","slug":"panthenol-rich-cream","status":"publish","type":"product","link":"https:\/\/apotekar-online.rs\/ro\/p\/panthenol-rich-cream\/","title":{"rendered":"Panthenol rich cream"},"content":{"rendered":"","protected":false},"excerpt":{"rendered":"<p>Tip ko\u017ee: osetljiva, suva i zrela ko\u017ea.<\/p>\n<p>Preporu\u010dujemo za: ko\u017eu kojoj je potreban visok stepen hidratacije.<\/p>\n<p>Panthenol rich cream je savremeni emolijentni krem tipa v\/u (voda u ulju) od biorazgradivih supstanci. Ostavlja za\u0161titni vodootporni film na ko\u017ei pru\u017eaju\u0107i dugotrajan efekat hidratacije, a visoka koncentracija pantenola od 10% omogu\u0107ava i visoku efikasnost krema. Poseduje odli\u010dna emolijentna i za\u0161titna svojstva, smanjuje ose\u0107aj zategnutosti, hidrira, regeneri\u0161e, neguje i umiruje ko\u017eu.<\/p>\n<p>100 g crema contine:<\/p>\n<ul>\n<li>d-pantenol 10g,<\/li>\n<li>ulje ko\u0161tica gro\u017e\u0111a 5g.<\/li>\n<\/ul>\n<p>Pakovanje: kutija (50 ml).<\/p>","protected":false},"featured_media":9096,"template":"","meta":[],"product_brand":[3210],"product_cat":[3054,547],"product_tag":[1709,2881,3305],"class_list":{"0":"post-9095","1":"product","2":"type-product","3":"status-publish","4":"has-post-thumbnail","6":"product_brand-crystal-derma","7":"product_cat-akcija","8":"product_cat-kozmetika-i-nega-za-odrasle","9":"product_tag-betty","10":"product_tag-d-pantenol","11":"product_tag-ulje-kostica-grozdja","13":"first","14":"instock","15":"shipping-taxable","16":"purchasable","17":"product-type-simple"},"ams_default_variation_id":0,"ams_product_points_reward":[],"ams_product_discount_percentage":0,"ams_price_to_display":455.4,"ams_acf":[],"jetpack_sharing_enabled":true,"_links":{"self":[{"href":"https:\/\/apotekar-online.rs\/ro\/wp-json\/wp\/v2\/product\/9095","targetHints":{"allow":["GET"]}}],"collection":[{"href":"https:\/\/apotekar-online.rs\/ro\/wp-json\/wp\/v2\/product"}],"about":[{"href":"https:\/\/apotekar-online.rs\/ro\/wp-json\/wp\/v2\/types\/product"}],"wp:featuredmedia":[{"embeddable":true,"href":"https:\/\/apotekar-online.rs\/ro\/wp-json\/wp\/v2\/media\/9096"}],"wp:attachment":[{"href":"https:\/\/apotekar-online.rs\/ro\/wp-json\/wp\/v2\/media?parent=9095"}],"wp:term":[{"taxonomy":"product_brand","embeddable":true,"href":"https:\/\/apotekar-online.rs\/ro\/wp-json\/wp\/v2\/product_brand?post=9095"},{"taxonomy":"product_cat","embeddable":true,"href":"https:\/\/apotekar-online.rs\/ro\/wp-json\/wp\/v2\/product_cat?post=9095"},{"taxonomy":"product_tag","embeddable":true,"href":"https:\/\/apotekar-online.rs\/ro\/wp-json\/wp\/v2\/product_tag?post=9095"}],"curies":[{"name":"wp","href":"https:\/\/api.w.org\/{rel}","templated":true}]}}