{"id":9109,"date":"2026-05-03T07:29:54","date_gmt":"2026-05-03T09:29:54","guid":{"rendered":"https:\/\/apotekar-online.rs\/?post_type=product&#038;p=9109"},"modified":"2026-05-04T10:41:36","modified_gmt":"2026-05-04T12:41:36","slug":"biofreeze-gel-roll-on-89-ml","status":"publish","type":"product","link":"https:\/\/apotekar-online.rs\/ro\/p\/biofreeze-gel-roll-on-89-ml\/","title":{"rendered":"Biofreeze Gel Roll-on, 89 ml"},"content":{"rendered":"","protected":false},"excerpt":{"rendered":"<div class=\"wysiwyg\">\n<h2>Descriere produs<\/h2>\n<p>Za privremeno ubla\u017eavanje lak\u0161ih bolova u mi\u0161i\u0107ima i zglobovima povezanih sa artritisom, bolovima u le\u0111ima, istegnu\u0107ima i uganu\u0107ima.<\/p>\n<h2>Dozaj \u0219i mod de administrare<\/h2>\n<p>Odrasli i deca od 2 i vi\u0161e godina: Naneti na bolno mesto najvi\u0161e 3 do 4 puta dnevno. Utrljati tanak sloj na \u017eeljeno mesto na telu, masa\u017ea nije neophodna. Isprati ruke hladnom vodom.<br \/>\nDeca mla\u0111a od 2 godine: Obratiti se lekaru.<br \/>\nObratite se lekaru pre upotrebe u slu\u010daju da ste trudni ili da dojite ili imate osetljivu ko\u017eu.<\/p>\n<h2>Compozi\u0163ie<\/h2>\n<p>Aktivni: izopropil alkohol; neaktivni: voda, biljni ekstrakt (Ilex paraguariensis), karbomer, trietanolamin, mentol, kamfor, silicijum-dioksid, metilparaben, glicerin, propilen glikol, FD&amp;C \u017euta #5, FD&amp;C plava #1<\/p>\n<p>&nbsp;<\/p>\n<\/div>\n<div class=\"product-info\">\n<h3 class=\"title\"><i class=\"icon-clipboard mr-1\" aria-hidden=\"true\"><\/i>\u00a0Informa\u021bii suplimentare<\/h3>\n<table class=\"info-table\">\n<tbody>\n<tr>\n<th>Produc\u0103tor:<\/th>\n<td><a href=\"https:\/\/benu.rs\/performance-health\">\u00a9 Reckitt Benckiser Healthcare (UK) Ltd.<\/a><\/td>\n<\/tr>\n<tr>\n<th>EAN kod:<\/th>\n<td>731124402905<\/td>\n<\/tr>\n<tr>\n<th>Brend:<\/th>\n<td><a href=\"https:\/\/benu.rs\/biofreeze\">Biofreeze<\/a><\/td>\n<\/tr>\n<tr>\n<th>Caracteristici:<\/th>\n<td>Za privremeno ubla\u017eavanje lak\u0161ih bolova u mi\u0161i\u0107ima i zglobovima.<\/td>\n<\/tr>\n<tr>\n<th>Osobine artikla:<\/th>\n<td>Kod bolova povezanih sa povezanih sa artritisom, bolovima u le\u0111ima, istegnu\u0107ima i uganu\u0107ima.<\/td>\n<\/tr>\n<tr>\n<th>Osobine artikla:<\/th>\n<td>Brzo i efikasno otklanjanje bola.<\/td>\n<\/tr>\n<tr>\n<th>Uvoznik za Srbiju:<\/th>\n<td>Alesandar MN d.o.o. Beograd<\/td>\n<\/tr>\n<\/tbody>\n<\/table>\n<\/div>","protected":false},"featured_media":9110,"template":"","meta":[],"product_brand":[],"product_cat":[3054],"product_tag":[1709,3311,1353,3295,551,3312,3292],"class_list":{"0":"post-9109","1":"product","2":"type-product","3":"status-publish","4":"has-post-thumbnail","6":"product_cat-akcija","7":"product_tag-betty","8":"product_tag-biljni-ekstrakti","9":"product_tag-kamfor","10":"product_tag-karbomer","11":"product_tag-mentol","12":"product_tag-metilparaben","13":"product_tag-propilen","15":"first","16":"instock","17":"sale","18":"shipping-taxable","19":"purchasable","20":"product-type-simple"},"ams_default_variation_id":0,"ams_product_points_reward":[],"ams_product_discount_percentage":15,"ams_price_to_display":1313.76,"ams_acf":[],"jetpack_sharing_enabled":true,"_links":{"self":[{"href":"https:\/\/apotekar-online.rs\/ro\/wp-json\/wp\/v2\/product\/9109","targetHints":{"allow":["GET"]}}],"collection":[{"href":"https:\/\/apotekar-online.rs\/ro\/wp-json\/wp\/v2\/product"}],"about":[{"href":"https:\/\/apotekar-online.rs\/ro\/wp-json\/wp\/v2\/types\/product"}],"wp:featuredmedia":[{"embeddable":true,"href":"https:\/\/apotekar-online.rs\/ro\/wp-json\/wp\/v2\/media\/9110"}],"wp:attachment":[{"href":"https:\/\/apotekar-online.rs\/ro\/wp-json\/wp\/v2\/media?parent=9109"}],"wp:term":[{"taxonomy":"product_brand","embeddable":true,"href":"https:\/\/apotekar-online.rs\/ro\/wp-json\/wp\/v2\/product_brand?post=9109"},{"taxonomy":"product_cat","embeddable":true,"href":"https:\/\/apotekar-online.rs\/ro\/wp-json\/wp\/v2\/product_cat?post=9109"},{"taxonomy":"product_tag","embeddable":true,"href":"https:\/\/apotekar-online.rs\/ro\/wp-json\/wp\/v2\/product_tag?post=9109"}],"curies":[{"name":"wp","href":"https:\/\/api.w.org\/{rel}","templated":true}]}}