{"id":9115,"date":"2026-05-03T08:29:57","date_gmt":"2026-05-03T10:29:57","guid":{"rendered":"https:\/\/apotekar-online.rs\/?post_type=product&#038;p=9115"},"modified":"2026-05-03T08:32:30","modified_gmt":"2026-05-03T10:32:30","slug":"combinerv-20-film-tableta","status":"publish","type":"product","link":"https:\/\/apotekar-online.rs\/ro\/p\/combinerv-20-film-tableta\/","title":{"rendered":"Combinerv 20 film tableta"},"content":{"rendered":"","protected":false},"excerpt":{"rendered":"<p>CombiNERV\u00a0predstavlja\u00a0novu \u010detvorostruku kombinaciju\u00a0aktivnih supstanci\u00a0koja sadr\u017ei dva antioksidansa:<\/p>\n<ul>\n<li>alfa-lipoi\u010dnu kiselinu (ALA) i<\/li>\n<li>superoksid dismutazu (SOD) u kombinaciji sa\u00a0Acetyl-L-karnitinom\u00a0i vitaminom\u00a0B12.<\/li>\n<\/ul>\n<p>Superoksid dismutaza (SOD)\u00a0je prva linija odbrane protiv o\u0161te\u0107enja prouzrokovanih kiseonikom stvorenih slobodnih radikala.<br \/>\nAlfa-lipoi\u010dna kiselina (ALA)\u00a0je potentan antioksidans koji neutrali\u0161e multiple funkcije raznih slobodnih radikala sa dokazanim dejstvima kao \u0161to su neuroprotektivno, antiinflamatorno, vazodilatatorno i hipoglikemijsko.<br \/>\nAcetyl-L-Karnitin (ALC)\u00a0pove\u0107ava sposobnost samoreparacije nervnih \u0107elija o\u0161te\u0107enih oksidatitvnim stresom, smanjuje fizi\u010dki i mentalni umor, odnosno pobolj\u0161ava kognitivne funkcije.<br \/>\nVitamin B12\u00a0je esencijalan za normalnu funkciju nervnih \u0107elija i mozga.<\/p>\n<p>Dozaj \u0219i mod de utilizare<\/p>\n<p>1 tablet\u0103 pe zi cu un pahar cu ap\u0103.<\/p>","protected":false},"featured_media":9116,"template":"","meta":[],"product_brand":[3315],"product_cat":[3054,82,84,85],"product_tag":[],"class_list":{"0":"post-9115","1":"product","2":"type-product","3":"status-publish","4":"has-post-thumbnail","6":"product_brand-vemax","7":"product_cat-akcija","8":"product_cat-kosti-zglobovi-i-neuropatski-bol","9":"product_cat-zdravlje-muskaraca","10":"product_cat-zdravlje-zena","11":"pa_brend-vemax-pharma","13":"first","14":"instock","15":"sale","16":"shipping-taxable","17":"purchasable","18":"product-type-simple"},"ams_default_variation_id":0,"ams_product_points_reward":[],"ams_product_discount_percentage":8.2,"ams_price_to_display":2800,"ams_acf":[],"jetpack_sharing_enabled":true,"_links":{"self":[{"href":"https:\/\/apotekar-online.rs\/ro\/wp-json\/wp\/v2\/product\/9115","targetHints":{"allow":["GET"]}}],"collection":[{"href":"https:\/\/apotekar-online.rs\/ro\/wp-json\/wp\/v2\/product"}],"about":[{"href":"https:\/\/apotekar-online.rs\/ro\/wp-json\/wp\/v2\/types\/product"}],"wp:featuredmedia":[{"embeddable":true,"href":"https:\/\/apotekar-online.rs\/ro\/wp-json\/wp\/v2\/media\/9116"}],"wp:attachment":[{"href":"https:\/\/apotekar-online.rs\/ro\/wp-json\/wp\/v2\/media?parent=9115"}],"wp:term":[{"taxonomy":"product_brand","embeddable":true,"href":"https:\/\/apotekar-online.rs\/ro\/wp-json\/wp\/v2\/product_brand?post=9115"},{"taxonomy":"product_cat","embeddable":true,"href":"https:\/\/apotekar-online.rs\/ro\/wp-json\/wp\/v2\/product_cat?post=9115"},{"taxonomy":"product_tag","embeddable":true,"href":"https:\/\/apotekar-online.rs\/ro\/wp-json\/wp\/v2\/product_tag?post=9115"}],"curies":[{"name":"wp","href":"https:\/\/api.w.org\/{rel}","templated":true}]}}