{"id":9124,"date":"2026-05-03T08:56:39","date_gmt":"2026-05-03T10:56:39","guid":{"rendered":"https:\/\/apotekar-online.rs\/?post_type=product&#038;p=9124"},"modified":"2026-05-03T09:00:37","modified_gmt":"2026-05-03T11:00:37","slug":"new-iron-max-60-kapsula","status":"publish","type":"product","link":"https:\/\/apotekar-online.rs\/ro\/p\/new-iron-max-60-kapsula\/","title":{"rendered":"New Iron Max 60 kapsula"},"content":{"rendered":"","protected":false},"excerpt":{"rendered":"<div class=\"et_pb_text_2 et_pb_text et_pb_bg_layout_light et_pb_module et_block_module\">\n<div class=\"et_pb_text_inner\">\n<p>New Iron Max je inovativna, kompletna formulacija za rapidan tretman nedostatka gvo\u017e\u0111a bez ne\u017eeljenih efekata na gastrointestinalni sistem.<\/p>\n<\/div>\n<\/div>\n<div class=\"et_pb_text_3 et_pb_text et_pb_bg_layout_light et_pb_module et_block_module\">\n<div class=\"et_pb_text_inner\">\n<p>New Iron Max predstavlja glycin-aminoacid helatni kompleks gvo\u017e\u0111a sa dodatkom vitamina B12, folne kiseline i vitamina C sa slede\u0107im superiornim karakteristikama:<\/p>\n<div class=\"et_pb_text_4 et_pb_text et_pb_bg_layout_light et_pb_module et_block_module\">\n<div class=\"et_pb_text_inner\">\n<ul>\n<li>NEW IRON MAX &#8211; mali i stabilni molekuli bez jonskog naboja \u0161to ovaj kompleks \u010dini otpornim na dejstvo \u017eeluda\u010dne kiseline i enzima, te omogu\u0107uje dalju nesmetanu resorpciju u tankom crevu<\/li>\n<li>NEW IRON MAX &#8211; nema ne\u017eeljenih efekata kao \u0161to su mu\u010dnina, konstipacija i problemi sa varenjem u pore\u0111enju sa gvo\u017e\u0111e-sulfatom \u010dija primena je \u010desto povezana sa ovim ne\u017eeljenim efektima<\/li>\n<li>NEW IRON MAX &#8211; 70-75% bolja apsorpcija i \u010detiri puta vec\u0301a bioraspolo\u017eivost u odnosu na sulfatni oblik gvo\u017e\u0111a<\/li>\n<li>NEW IRON MAX &#8211; nije inhibirana apsorpcija drugih vitamina i minerala<\/li>\n<li>NEW IRON MAX &#8211; u svom sastavu ima folnu kiselinu i vitamin B12. Anemija je uzrokovana nedostatkom gvo\u017e\u0111a, vitamina B12 i folne kiseline, pa je va\u017eno uzeti sve tri komponente u isto vreme<\/li>\n<li>NEW IRON MAX &#8211; u svom sastavu ima i vitamin C koji dodatno pobolj\u0161ava apsorpciju gvo\u017e\u0111a<\/li>\n<li>NEW IRON MAX &#8211; obloga kapsula je napravljena od hidroksipropil-metilceluloze (HPMC) \u0161to ih \u010dini pogodnim i za vegetarijance i vegane<\/li>\n<\/ul>\n<\/div>\n<\/div>\n<div class=\"et_pb_text_5 et_pb_text et_pb_bg_layout_light et_pb_module et_block_module\">\n<div class=\"et_pb_text_inner\">\n<h2>Compozi\u0163ie:<\/h2>\n<\/div>\n<\/div>\n<div class=\"et_pb_text_6 et_pb_text et_pb_bg_layout_light et_pb_module et_block_module\">\n<div class=\"et_pb_text_inner\">\n<ul>\n<li><strong>Fe-bisglycinate, 90 mg<\/strong>\u00a0&#8211; predstavlja najiskoristljiviju formu elementarnog gvo\u017e\u0111a velike bioraspolo\u017eivosti i bez ne\u017eeljenih dejstava (mu\u010dnina, ga\u0111enje, obojenost stolice).<\/li>\n<li><strong>Folna kiselina, 400 mg\u00a0<\/strong>&#8211; doprinose procesu stvaranja krvi i razvoju tkiva tokom trudno\u0107e. Doprinose redukciji zamora i ose\u0107aja umora.<\/li>\n<li><strong>B12, 9 mg<\/strong>\u00a0&#8211; doprinosi stvaranju crvenih krvnih zrnaca, \u0107elijskoj proliferaciji, normalnom metabolizmu i stvaranju energije i funciji imunog sistema.<\/li>\n<li><strong>Vitamin C, 180 mg<\/strong>\u00a0&#8211; pove\u0107ava absorpciju gvo\u017e\u0111a i doprinosi normalnom funkcionisanju imunog sistema, smanjuje zamor i ose\u0107aj umora.<\/li>\n<\/ul>\n<\/div>\n<\/div>\n<div class=\"et_pb_text_7 et_pb_text et_pb_bg_layout_light et_pb_module et_block_module\">\n<div class=\"et_pb_text_inner\">\n<h2>New Iron Max \u2013 gvo\u017e\u0111e aminoacid helatni kompleks sa dodatkom vitamina predstavlja odabranu kombinaciju za:<\/h2>\n<\/div>\n<\/div>\n<div class=\"et_pb_text_8 et_pb_text et_pb_bg_layout_light et_pb_module et_block_module\">\n<div class=\"et_pb_text_inner\">\n<ul>\n<li>Pacijente sa obolenjima gastrointestinalnog trakta, krvarenjima i inflamatornim bolestima creva<\/li>\n<li>Kod pacijenata sa hroni\u010dnom bubre\u017enom insuficijencijom<\/li>\n<li>Pacijenata sa celijakijom<\/li>\n<li>Kod onkolo\u0161kih pacijenata sa anemijom<\/li>\n<li>Pacijenata sa razli\u010ditim kardiovaskularnim obolenjima (infarkt miokarda, sr\u010dana insuficijencija, koronarna arterijska bolest i sl.)<\/li>\n<li>Kod sportista<\/li>\n<li>Adolescenata<\/li>\n<li>\u017dena u reproduktivnom periodu<\/li>\n<li>Vegana i osoba na vegetarijanskoj ishrani<\/li>\n<\/ul>\n<\/div>\n<\/div>\n<div class=\"et_pb_text_9 et_pb_text et_pb_bg_layout_light et_pb_module et_block_module\">\n<div class=\"et_pb_text_inner\">\n<h2>Preporu\u010dena doza i na\u010din upotrebe:<\/h2>\n<\/div>\n<\/div>\n<div class=\"et_pb_text_10 et_pb_text et_pb_bg_layout_light et_pb_module et_block_module\">\n<div class=\"et_pb_text_inner\">\n<ul>\n<li>jedna kapsula dnevno sa vodom ili sokom<\/li>\n<li>proizvod mogu koristiti deca od 14 godina i vi\u0161e<\/li>\n<li>ne sadr\u017ei ve\u0161ta\u010dke boje, zasla\u0111iva\u010de i konzervanse<\/li>\n<\/ul>\n<\/div>\n<\/div>\n<\/div>\n<\/div>","protected":false},"featured_media":9127,"template":"","meta":[],"product_brand":[3315],"product_cat":[3054],"product_tag":[279,330,291,245],"class_list":{"0":"post-9124","1":"product","2":"type-product","3":"status-publish","4":"has-post-thumbnail","6":"product_brand-vemax","7":"product_cat-akcija","8":"product_tag-folna-kiselina","9":"product_tag-gvozde","10":"product_tag-vitamin-b12","11":"product_tag-vitamin-c","13":"first","14":"instock","15":"sale","16":"shipping-taxable","17":"purchasable","18":"product-type-simple"},"ams_default_variation_id":0,"ams_product_points_reward":[],"ams_product_discount_percentage":7.35,"ams_price_to_display":3057.6,"ams_acf":[],"jetpack_sharing_enabled":true,"_links":{"self":[{"href":"https:\/\/apotekar-online.rs\/ro\/wp-json\/wp\/v2\/product\/9124","targetHints":{"allow":["GET"]}}],"collection":[{"href":"https:\/\/apotekar-online.rs\/ro\/wp-json\/wp\/v2\/product"}],"about":[{"href":"https:\/\/apotekar-online.rs\/ro\/wp-json\/wp\/v2\/types\/product"}],"wp:featuredmedia":[{"embeddable":true,"href":"https:\/\/apotekar-online.rs\/ro\/wp-json\/wp\/v2\/media\/9127"}],"wp:attachment":[{"href":"https:\/\/apotekar-online.rs\/ro\/wp-json\/wp\/v2\/media?parent=9124"}],"wp:term":[{"taxonomy":"product_brand","embeddable":true,"href":"https:\/\/apotekar-online.rs\/ro\/wp-json\/wp\/v2\/product_brand?post=9124"},{"taxonomy":"product_cat","embeddable":true,"href":"https:\/\/apotekar-online.rs\/ro\/wp-json\/wp\/v2\/product_cat?post=9124"},{"taxonomy":"product_tag","embeddable":true,"href":"https:\/\/apotekar-online.rs\/ro\/wp-json\/wp\/v2\/product_tag?post=9124"}],"curies":[{"name":"wp","href":"https:\/\/api.w.org\/{rel}","templated":true}]}}