{"id":9128,"date":"2026-05-03T09:06:14","date_gmt":"2026-05-03T11:06:14","guid":{"rendered":"https:\/\/apotekar-online.rs\/?post_type=product&#038;p=9128"},"modified":"2026-05-03T09:06:14","modified_gmt":"2026-05-03T11:06:14","slug":"new-iron-30-kapsula-2","status":"publish","type":"product","link":"https:\/\/apotekar-online.rs\/ro\/p\/new-iron-30-kapsula-2\/","title":{"rendered":"New Iron 30 kapsula"},"content":{"rendered":"","protected":false},"excerpt":{"rendered":"<p><strong>New Iron\u00ae<\/strong>\u00a0predstavlja glycin-aminoacid helatni kompleks gvo\u017e\u0111a sa dodatkom vitamina B12, folne kiseline i vitamina C sa slede\u0107im superiornim karakteristikama:<\/p>\n<ul>\n<li>mali i stabilni molekuli bez jonskog naboja \u0161to ovaj kompleks \u010dini otpornim na dejstvo \u017eeluda\u010dne kiseline i enzima, te omogu\u0107uje dalju nesmetanu resorpciju u tankom crevu<\/li>\n<li>nema ne\u017eeljenih efekata kao \u0161to su mu\u010dnina, konstipacija i problemi sa varenjem u pore\u0111enju sa gvo\u017e\u0111e-sulfatom \u010dija primena je \u010desto povezana sa ovim ne\u017eeljenim efektima<\/li>\n<li>70-75% bolja apsorpcija i \u010detiri puta vec\u0301a bioraspolo\u017eivost u odnosu na sulfatni oblik gvo\u017e\u0111a<\/li>\n<li>nije inhibirana apsorpcija drugih vitamina i minerala<\/li>\n<li>u svom sastavu ima folnu kiselinu i vitamin B12. Anemija je uzrokovana nedostatkom gvo\u017e\u0111a, vitamina B12 i folne kiseline, pa je va\u017eno uzeti sve tri komponente u isto vreme<\/li>\n<li>u svom sastavu ima i vitamin C koji dodatno pobolj\u0161ava apsorpciju gvo\u017e\u0111a<\/li>\n<li>obloga kapsula je napravljena od hidroksipropil-metilceluloze (HPMC) \u0161to ih \u010dini pogodnim i za vegetarijance i vegane<\/li>\n<\/ul>\n<p><b>Dozaj \u0219i mod de utilizare<\/b><\/p>\n<ul>\n<li>deca starija od 14 godina i odrasli: 1 kapsula dnevno sa vodom ili sokom<\/li>\n<\/ul>","protected":false},"featured_media":9129,"template":"","meta":[],"product_brand":[3315],"product_cat":[3054,83,84,85],"product_tag":[261,330,291],"class_list":{"0":"post-9128","1":"product","2":"type-product","3":"status-publish","4":"has-post-thumbnail","6":"product_brand-vemax","7":"product_cat-akcija","8":"product_cat-preparati-za-anemiju","9":"product_cat-zdravlje-muskaraca","10":"product_cat-zdravlje-zena","11":"product_tag-anemija","12":"product_tag-gvozde","13":"product_tag-vitamin-b12","15":"first","16":"instock","17":"sale","18":"shipping-taxable","19":"purchasable","20":"product-type-simple"},"ams_default_variation_id":0,"ams_product_points_reward":[],"ams_product_discount_percentage":0,"ams_price_to_display":2200,"ams_acf":[],"jetpack_sharing_enabled":true,"_links":{"self":[{"href":"https:\/\/apotekar-online.rs\/ro\/wp-json\/wp\/v2\/product\/9128","targetHints":{"allow":["GET"]}}],"collection":[{"href":"https:\/\/apotekar-online.rs\/ro\/wp-json\/wp\/v2\/product"}],"about":[{"href":"https:\/\/apotekar-online.rs\/ro\/wp-json\/wp\/v2\/types\/product"}],"wp:featuredmedia":[{"embeddable":true,"href":"https:\/\/apotekar-online.rs\/ro\/wp-json\/wp\/v2\/media\/9129"}],"wp:attachment":[{"href":"https:\/\/apotekar-online.rs\/ro\/wp-json\/wp\/v2\/media?parent=9128"}],"wp:term":[{"taxonomy":"product_brand","embeddable":true,"href":"https:\/\/apotekar-online.rs\/ro\/wp-json\/wp\/v2\/product_brand?post=9128"},{"taxonomy":"product_cat","embeddable":true,"href":"https:\/\/apotekar-online.rs\/ro\/wp-json\/wp\/v2\/product_cat?post=9128"},{"taxonomy":"product_tag","embeddable":true,"href":"https:\/\/apotekar-online.rs\/ro\/wp-json\/wp\/v2\/product_tag?post=9128"}],"curies":[{"name":"wp","href":"https:\/\/api.w.org\/{rel}","templated":true}]}}