{"id":9130,"date":"2026-05-03T09:30:55","date_gmt":"2026-05-03T11:30:55","guid":{"rendered":"https:\/\/apotekar-online.rs\/?post_type=product&#038;p=9130"},"modified":"2026-05-03T09:31:38","modified_gmt":"2026-05-03T11:31:38","slug":"dietpharm-makulin-dual-action-kapi-za-oci-10-ml","status":"publish","type":"product","link":"https:\/\/apotekar-online.rs\/ro\/p\/dietpharm-makulin-dual-action-kapi-za-oci-10-ml\/","title":{"rendered":"Dietpharm Makulin Dual Action kapi za o\u010di 10 ml"},"content":{"rendered":"","protected":false},"excerpt":{"rendered":"<p>Makulin Dual Action, sterilne kapi imaju antioksidativni efekat i deluju umiruju\u0107e na povr\u0161inu oka. Makulin Dual Action kapi sadr\u017ee ruzmarinsku kiselinu, alantoin i vitamina B12 koji imaju visoku antioksidativnu aktivnost suprotstavljaju\u0107i se dejstvu slobodnih radikala koji vremenom o\u0161te\u0107uju pigmentni epitel i fotoreceptore \u0161to mo\u017ee da dovede do razvoja senilne makularne degeneracije i katarakte, sezonski alergijski konjuktivitis \u010dak i kada je povezan sa sindromom suvog oka, sindrom suvog oka, nelagoda u o\u010dima, blefaritis. Na-hijaluronat zahvaljuju\u0107i svojoj viskoznosti i elasti\u010dnosti kao i sposobnosti hidratacije olak\u0161ava klizenje kapka i smanjuje trenje na povr\u0161ini ro\u017enja\u010de i konjuktive \u010dime se smanjuje ose\u0107aj suvo\u0107e oka. Hipromeloza pove\u0107ava viskoznost kapi i time omogu\u0107ava zadr\u017eavanje kapi u oku. Glicerol je sredstvo za vla\u017eenje. Ruzmarinska kiselina deluje antiinflamatorno i antioksidativno i dokazano smanjuje simptome alergijskog konjuktivitisa. Vitamin B12 ima antioksidativno dejstvo i poma\u017ee normalnom rastu i obnovi o\u010dnog epitela. Alantoin smanjuje nadra\u017eaj, ima za\u0161titno dejstvo na povr\u0161ini oka i pove\u0107ava koli\u010dinu vode u spolja\u0161njoj sredini \u0107elije.<\/p>\n<p><b>Scop:<\/b><\/p>\n<ul>\n<li>Sezonski alergijski konjuktivitis \u010dak i kada je povezan sa sindromom suvog oka<\/li>\n<li>Sindrom suvog oka<\/li>\n<li>Nelagoda u o\u010dima<\/li>\n<li>Blefaritis<\/li>\n<\/ul>\n<p>&nbsp;<\/p>\n<p><b>Opera\u021biune:<\/b><\/p>\n<p>Na-hijaluronat zahvaljuju\u0107i svojoj viskoznosti i elasti\u010dnosti kao i sposobnosti hidratacije olak\u0161ava klizenje kapka i smanjuje trenje na povr\u0161ini ro\u017enja\u010de i konjuktive \u010dime se smanjuje ose\u0107aj suvo\u0107e oka. Hipromeloza pove\u0107ava viskoznost kapi i time omogu\u0107ava zadr\u017eavanje kapi u oku. Glicerol je sredstvo za vla\u017eenje. Ruzmarinska kiselina deluje antiinflamatorno i antioksidativno i dokazano smanjuje simptome alergijskog konjuktivitisa. Vitamin B12 ima antioksidativno dejstvo i poma\u017ee normalnom rastu i obnovi o\u010dnog epitela. Alantoin smanjuje nadra\u017eaj, ima za\u0161titno dejstvo na povr\u0161ini oka i pove\u0107ava koli\u010dinu vode u spolja\u0161njoj sredini \u0107elije.<\/p>\n<p><strong>Compozi\u0163ie:<\/strong><\/p>\n<ul>\n<li>Na-hijaluronat 0,12%<\/li>\n<li>Hipromeloza 0,2%<\/li>\n<li>Glicerol<\/li>\n<li>Ruzmarinska kiselina<\/li>\n<li>Alantoin<\/li>\n<li>Vitamin B12<\/li>\n<\/ul>\n<p><b>Dozaj \u0219i mod de utilizare<\/b><\/p>\n<p>Uobi\u010dajen na\u010din primene podrazumeva ukapavanje 2 kapi u donji kapak, nakon povla\u010denja.<\/p>","protected":false},"featured_media":1995,"template":"","meta":[],"product_brand":[3079],"product_cat":[3054,169,139],"product_tag":[2390,291],"class_list":{"0":"post-9130","1":"product","2":"type-product","3":"status-publish","4":"has-post-thumbnail","6":"product_brand-dietpharm","7":"product_cat-akcija","8":"product_cat-higijena-nosa-i-ociju","9":"product_cat-vitamini-za-oci-i-vestacke-suze","10":"product_tag-na-hijaluronat","11":"product_tag-vitamin-b12","12":"pa_brend-dietpharm","14":"first","15":"instock","16":"sale","17":"shipping-taxable","18":"purchasable","19":"product-type-simple"},"ams_default_variation_id":0,"ams_product_points_reward":[],"ams_product_discount_percentage":19.26,"ams_price_to_display":1089.94,"ams_acf":[],"jetpack_sharing_enabled":true,"_links":{"self":[{"href":"https:\/\/apotekar-online.rs\/ro\/wp-json\/wp\/v2\/product\/9130","targetHints":{"allow":["GET"]}}],"collection":[{"href":"https:\/\/apotekar-online.rs\/ro\/wp-json\/wp\/v2\/product"}],"about":[{"href":"https:\/\/apotekar-online.rs\/ro\/wp-json\/wp\/v2\/types\/product"}],"wp:featuredmedia":[{"embeddable":true,"href":"https:\/\/apotekar-online.rs\/ro\/wp-json\/wp\/v2\/media\/1995"}],"wp:attachment":[{"href":"https:\/\/apotekar-online.rs\/ro\/wp-json\/wp\/v2\/media?parent=9130"}],"wp:term":[{"taxonomy":"product_brand","embeddable":true,"href":"https:\/\/apotekar-online.rs\/ro\/wp-json\/wp\/v2\/product_brand?post=9130"},{"taxonomy":"product_cat","embeddable":true,"href":"https:\/\/apotekar-online.rs\/ro\/wp-json\/wp\/v2\/product_cat?post=9130"},{"taxonomy":"product_tag","embeddable":true,"href":"https:\/\/apotekar-online.rs\/ro\/wp-json\/wp\/v2\/product_tag?post=9130"}],"curies":[{"name":"wp","href":"https:\/\/api.w.org\/{rel}","templated":true}]}}