{"id":9198,"date":"2026-05-04T14:07:46","date_gmt":"2026-05-04T16:07:46","guid":{"rendered":"https:\/\/apotekar-online.rs\/?post_type=product&#038;p=9198"},"modified":"2026-05-04T14:07:46","modified_gmt":"2026-05-04T16:07:46","slug":"dietpharm-makulin-fresh-kapi-za-oci-10-ml","status":"publish","type":"product","link":"https:\/\/apotekar-online.rs\/ro\/p\/dietpharm-makulin-fresh-kapi-za-oci-10-ml\/","title":{"rendered":"Dietpharm Makulin Fresh Kapi za o\u010di, 10 ml"},"content":{"rendered":"","protected":false},"excerpt":{"rendered":"<p>MAKULIN\u00ae FRESH sterilne kapi za vla\u017eenje oka, bez konzervansa sa Na-hijaluronatom 0,2% i biljnim hidrolatima (borovnica, gotu kola, hamamelis i kamilica).<\/p>\n<p><b>Scop:<\/b><\/p>\n<ul>\n<li>Iritacija oka<\/li>\n<li>Suvo oko<\/li>\n<li>Ose\u0107aj stranog tela<\/li>\n<li>Peckanje u oku<\/li>\n<li>Postoperativno<\/li>\n<li>Konjuktivitis<\/li>\n<li>Dugotrajna upotreba kontaktnih so\u010diva<\/li>\n<\/ul>\n<p><b>Opera\u021biune:<\/b><\/p>\n<p>Na-hijaluronat svojim muko-mimeti\u010dkim, muko adhezivnim i viskoznim svojstvima odr\u017eava povr\u0161inu oka podmazanom, vla\u017enom i za\u0161ti\u0107enom te pobolj\u0161ava stabilnost suznog filma. Borovnica doprinosi zdravoj funkciji oka antioksidativnim, antiinflamatornim, vazoprotektivnim efektom i stabilizacijom kolagena.<\/p>\n<p>Mu\u0219e\u021belul ajut\u0103 la ochi irita\u021bi, ro\u0219ii \u0219i obosi\u021bi datorit\u0103 efectului s\u0103u antiinflamator.<\/p>\n<p>Cu efectul s\u0103u r\u0103coritor \u0219i u\u0219or astringent, hamamelisul ajut\u0103 la ameliorarea simptomelor ochilor durero\u0219i, irita\u021bi \u0219i obosi\u021bi. Gotu kola \u00eent\u0103re\u0219te venele \u0219i capilarele ochiului \u0219i \u00eembun\u0103t\u0103\u021be\u0219te fluxul sanguin, contribuind astfel la ameliorarea simptomelor ochilor obosi\u021bi \u0219i umfla\u021bi.<\/p>\n<p><strong>Compozi\u0163ie:<\/strong><\/p>\n<ul>\n<li>Na-hialuronat 0,2%<\/li>\n<li>Biljni hidrolati\u00a0 (borovnica, gotu kola, hamamelis i kamilica)<\/li>\n<\/ul>\n<p><strong>Mod de utilizare:<\/strong><\/p>\n<p>Uobi\u010dajen na\u010din primene podrazumeva ukapavanje 1 kapi u donji kapak, nakon\u00a0povla\u010denja. Postupak mo\u017ee da se ponovi 2-3 puta na dan.<\/p>\n<p><strong>Ambalare:\u00a0<\/strong>\u200b10 ml<\/p>","protected":false},"featured_media":9199,"template":"","meta":[],"product_brand":[3079],"product_cat":[3054],"product_tag":[253,3326,1282,525],"class_list":{"0":"post-9198","1":"product","2":"type-product","3":"status-publish","4":"has-post-thumbnail","6":"product_brand-dietpharm","7":"product_cat-akcija","8":"product_tag-borovnica","9":"product_tag-gotu-kola","10":"product_tag-hamamelis","11":"product_tag-kamilica","13":"first","14":"instock","15":"shipping-taxable","16":"product-type-simple"},"ams_default_variation_id":0,"ams_product_points_reward":[],"ams_product_discount_percentage":0,"ams_price_to_display":0,"ams_acf":[],"jetpack_sharing_enabled":true,"_links":{"self":[{"href":"https:\/\/apotekar-online.rs\/ro\/wp-json\/wp\/v2\/product\/9198","targetHints":{"allow":["GET"]}}],"collection":[{"href":"https:\/\/apotekar-online.rs\/ro\/wp-json\/wp\/v2\/product"}],"about":[{"href":"https:\/\/apotekar-online.rs\/ro\/wp-json\/wp\/v2\/types\/product"}],"wp:featuredmedia":[{"embeddable":true,"href":"https:\/\/apotekar-online.rs\/ro\/wp-json\/wp\/v2\/media\/9199"}],"wp:attachment":[{"href":"https:\/\/apotekar-online.rs\/ro\/wp-json\/wp\/v2\/media?parent=9198"}],"wp:term":[{"taxonomy":"product_brand","embeddable":true,"href":"https:\/\/apotekar-online.rs\/ro\/wp-json\/wp\/v2\/product_brand?post=9198"},{"taxonomy":"product_cat","embeddable":true,"href":"https:\/\/apotekar-online.rs\/ro\/wp-json\/wp\/v2\/product_cat?post=9198"},{"taxonomy":"product_tag","embeddable":true,"href":"https:\/\/apotekar-online.rs\/ro\/wp-json\/wp\/v2\/product_tag?post=9198"}],"curies":[{"name":"wp","href":"https:\/\/api.w.org\/{rel}","templated":true}]}}