{"id":9200,"date":"2026-05-04T14:12:49","date_gmt":"2026-05-04T16:12:49","guid":{"rendered":"https:\/\/apotekar-online.rs\/?post_type=product&#038;p=9200"},"modified":"2026-05-04T14:12:49","modified_gmt":"2026-05-04T16:12:49","slug":"dietpharm-makulin-30-kapsula-3","status":"publish","type":"product","link":"https:\/\/apotekar-online.rs\/ro\/p\/dietpharm-makulin-30-kapsula-3\/","title":{"rendered":"Dietpharm Makulin 30 capsule"},"content":{"rendered":"","protected":false},"excerpt":{"rendered":"<p>Dodatak ishrani\u00a0 za za\u0161titu vida. Preporu\u010duje se kod slabljenja vida, kod dugotrajnog naprezanja o\u010diju i poja\u010dane izlo\u017eenosti UV zracima, kod rada pri nedovoljnom osvetljenju, kod makularne degeneracije i katarakte.<\/p>\n<p><b>Compozi\u0163ie:\u00a0<\/b>FloraGLO lutein suspenzija 35 mg, lutein 7 mg, zeaksantin 0,3 mg, vitamin E (DL- alfa-tokoferil acetat) 4,1 mg \u03b1-TE<\/p>\n<p><b>Mod de aplicare:\u00a0<\/b>1 kapsula dnevno, uz obrok.<b><br \/>\n<\/b><\/p>\n<p><b>Ambalare:\u00a0<\/b>30 kapsula<\/p>","protected":false},"featured_media":9201,"template":"","meta":[],"product_brand":[3079],"product_cat":[3054],"product_tag":[3327,1861,209],"class_list":{"0":"post-9200","1":"product","2":"type-product","3":"status-publish","4":"has-post-thumbnail","6":"product_brand-dietpharm","7":"product_cat-akcija","8":"product_tag-floraglo","9":"product_tag-lutein","10":"product_tag-vitamin-e","12":"first","13":"instock","14":"shipping-taxable","15":"product-type-simple"},"ams_default_variation_id":0,"ams_product_points_reward":[],"ams_product_discount_percentage":0,"ams_price_to_display":0,"ams_acf":[],"jetpack_sharing_enabled":true,"_links":{"self":[{"href":"https:\/\/apotekar-online.rs\/ro\/wp-json\/wp\/v2\/product\/9200","targetHints":{"allow":["GET"]}}],"collection":[{"href":"https:\/\/apotekar-online.rs\/ro\/wp-json\/wp\/v2\/product"}],"about":[{"href":"https:\/\/apotekar-online.rs\/ro\/wp-json\/wp\/v2\/types\/product"}],"wp:featuredmedia":[{"embeddable":true,"href":"https:\/\/apotekar-online.rs\/ro\/wp-json\/wp\/v2\/media\/9201"}],"wp:attachment":[{"href":"https:\/\/apotekar-online.rs\/ro\/wp-json\/wp\/v2\/media?parent=9200"}],"wp:term":[{"taxonomy":"product_brand","embeddable":true,"href":"https:\/\/apotekar-online.rs\/ro\/wp-json\/wp\/v2\/product_brand?post=9200"},{"taxonomy":"product_cat","embeddable":true,"href":"https:\/\/apotekar-online.rs\/ro\/wp-json\/wp\/v2\/product_cat?post=9200"},{"taxonomy":"product_tag","embeddable":true,"href":"https:\/\/apotekar-online.rs\/ro\/wp-json\/wp\/v2\/product_tag?post=9200"}],"curies":[{"name":"wp","href":"https:\/\/api.w.org\/{rel}","templated":true}]}}