{"id":9211,"date":"2026-05-04T14:38:13","date_gmt":"2026-05-04T16:38:13","guid":{"rendered":"https:\/\/apotekar-online.rs\/?post_type=product&#038;p=9211"},"modified":"2026-05-04T14:38:13","modified_gmt":"2026-05-04T16:38:13","slug":"dietpharm-makulin-vitreo-30-tableta","status":"publish","type":"product","link":"https:\/\/apotekar-online.rs\/ro\/p\/dietpharm-makulin-vitreo-30-tableta\/","title":{"rendered":"Dietpharm Makulin Vitreo 30 tableta"},"content":{"rendered":"","protected":false},"excerpt":{"rendered":"<p>Makulin\u00ae Vitreo je dodatak ishrani za zdravlje o\u010diju sa hijaluronskom kiselinom, ekstraktom semenki gro\u017e\u0111a, hesperidinom, L-lizinom, vitaminima B2, B6, C i E, kao i cinkom i selenom.<\/p>\n<p>Makulin\u00ae Vitreo dodatak ishrani namenjen je za o\u010duvanje zdravlja o\u010diju i odr\u017eavanje normalnog vida. Riboflavin (vitamin B2) i cink doprinose odr\u017eavanju normalnog vida.<br \/>\nVitamini C i E, riboflavin (vitamin B2), cink i selen doprinose za\u0161titi \u0107elija od oksidativnog stresa. Riboflavin (vitamin B2) i vitamin B6 doprinose odr\u017eavanju normalnog energetskog metabolizma i normalnom funkcionisanju nervnog sistema.<\/p>","protected":false},"featured_media":9212,"template":"","meta":[],"product_brand":[3079],"product_cat":[3054],"product_tag":[185,3331,3332,235,232,245,209],"class_list":{"0":"post-9211","1":"product","2":"type-product","3":"status-publish","4":"has-post-thumbnail","6":"product_brand-dietpharm","7":"product_cat-akcija","8":"product_tag-cink","9":"product_tag-l-lizin","10":"product_tag-riboflavin","11":"product_tag-selen","12":"product_tag-vitamin-b6","13":"product_tag-vitamin-c","14":"product_tag-vitamin-e","16":"first","17":"instock","18":"shipping-taxable","19":"product-type-simple"},"ams_default_variation_id":0,"ams_product_points_reward":[],"ams_product_discount_percentage":0,"ams_price_to_display":0,"ams_acf":[],"jetpack_sharing_enabled":true,"_links":{"self":[{"href":"https:\/\/apotekar-online.rs\/ro\/wp-json\/wp\/v2\/product\/9211","targetHints":{"allow":["GET"]}}],"collection":[{"href":"https:\/\/apotekar-online.rs\/ro\/wp-json\/wp\/v2\/product"}],"about":[{"href":"https:\/\/apotekar-online.rs\/ro\/wp-json\/wp\/v2\/types\/product"}],"wp:featuredmedia":[{"embeddable":true,"href":"https:\/\/apotekar-online.rs\/ro\/wp-json\/wp\/v2\/media\/9212"}],"wp:attachment":[{"href":"https:\/\/apotekar-online.rs\/ro\/wp-json\/wp\/v2\/media?parent=9211"}],"wp:term":[{"taxonomy":"product_brand","embeddable":true,"href":"https:\/\/apotekar-online.rs\/ro\/wp-json\/wp\/v2\/product_brand?post=9211"},{"taxonomy":"product_cat","embeddable":true,"href":"https:\/\/apotekar-online.rs\/ro\/wp-json\/wp\/v2\/product_cat?post=9211"},{"taxonomy":"product_tag","embeddable":true,"href":"https:\/\/apotekar-online.rs\/ro\/wp-json\/wp\/v2\/product_tag?post=9211"}],"curies":[{"name":"wp","href":"https:\/\/api.w.org\/{rel}","templated":true}]}}