{"id":9278,"date":"2026-05-12T17:15:52","date_gmt":"2026-05-12T19:15:52","guid":{"rendered":"https:\/\/apotekar-online.rs\/?post_type=product&#038;p=9278"},"modified":"2026-05-12T17:15:52","modified_gmt":"2026-05-12T19:15:52","slug":"noro-trakice-za-nos-10kom","status":"publish","type":"product","link":"https:\/\/apotekar-online.rs\/ro\/p\/noro-trakice-za-nos-10kom\/","title":{"rendered":"NORO trakice za nos, 10kom"},"content":{"rendered":"","protected":false},"excerpt":{"rendered":"<p>Samolepljive trakice koje mehani\u010dki \u0161ire nosne kanale i olak\u0161avaju disanje. Poma\u017eu kod zapu\u0161enog nosa, hrkanja i tokom fizi\u010dke aktivnosti. Jednostavne za upotrebu.<\/p>\n<h4>Dozaj \u0219i mod de utilizare<\/h4>\n<p>Trakicu zalepiti preko spoljnog dela nosa na \u010distu i suvu ko\u017eu, blago pritisnuti i koristiti tokom sna ili fizi\u010dke aktivnosti. Nakon upotrebe pa\u017eljivo ukloniti.<\/p>\n<h5>Compozi\u0163ie<\/h5>\n<p>Polimerna podloga, elasti\u010dna traka, akrilatni lepak. Proizvod ne sadr\u017ei aktivne supstance (mehani\u010dko dejstvo).<\/p>","protected":false},"featured_media":9279,"template":"","meta":[],"product_brand":[],"product_cat":[3333],"product_tag":[3334,3335],"class_list":{"0":"post-9278","1":"product","2":"type-product","3":"status-publish","4":"has-post-thumbnail","6":"product_cat-izdvojeno","7":"product_tag-hrkanje","8":"product_tag-olaksavanje-disanja","10":"first","11":"instock","12":"shipping-taxable","13":"purchasable","14":"product-type-simple"},"ams_default_variation_id":0,"ams_product_points_reward":[],"ams_product_discount_percentage":0,"ams_price_to_display":950,"ams_acf":[],"jetpack_sharing_enabled":true,"_links":{"self":[{"href":"https:\/\/apotekar-online.rs\/ro\/wp-json\/wp\/v2\/product\/9278","targetHints":{"allow":["GET"]}}],"collection":[{"href":"https:\/\/apotekar-online.rs\/ro\/wp-json\/wp\/v2\/product"}],"about":[{"href":"https:\/\/apotekar-online.rs\/ro\/wp-json\/wp\/v2\/types\/product"}],"wp:featuredmedia":[{"embeddable":true,"href":"https:\/\/apotekar-online.rs\/ro\/wp-json\/wp\/v2\/media\/9279"}],"wp:attachment":[{"href":"https:\/\/apotekar-online.rs\/ro\/wp-json\/wp\/v2\/media?parent=9278"}],"wp:term":[{"taxonomy":"product_brand","embeddable":true,"href":"https:\/\/apotekar-online.rs\/ro\/wp-json\/wp\/v2\/product_brand?post=9278"},{"taxonomy":"product_cat","embeddable":true,"href":"https:\/\/apotekar-online.rs\/ro\/wp-json\/wp\/v2\/product_cat?post=9278"},{"taxonomy":"product_tag","embeddable":true,"href":"https:\/\/apotekar-online.rs\/ro\/wp-json\/wp\/v2\/product_tag?post=9278"}],"curies":[{"name":"wp","href":"https:\/\/api.w.org\/{rel}","templated":true}]}}