{"id":950,"date":"2022-07-12T09:57:00","date_gmt":"2022-07-12T09:57:00","guid":{"rendered":"https:\/\/apotekar-online.rs\/product\/dietpharm-immuno-shark-30-kapsula\/"},"modified":"2026-03-05T08:23:31","modified_gmt":"2026-03-05T10:23:31","slug":"dietpharm-immuno-shark-30-kapsula","status":"publish","type":"product","link":"https:\/\/apotekar-online.rs\/ro\/p\/dietpharm-immuno-shark-30-kapsula\/","title":{"rendered":"Dietpharm Immuno Shark 30 capsule"},"content":{"rendered":"","protected":false},"excerpt":{"rendered":"<h2><\/h2>\n<p>Ispoljava imunomodulatorno i imunostimulatorno dejstvo.<br \/>\nZahvaljuju\u0107i imunomodulatornom dejstvu odr\u017eava ravnote\u017eu imunog sistema bez njegove prekomerne stimulacije. To zna\u010di da u stanjima smanjenje aktivnosti imunog sistema pove\u0107ava imuni odgovor, dok u stanjima prenagla\u0161enog imunog odgovora sni\u017eava imunu aktivnost.<br \/>\nZahvaljuju\u0107i imunostimulatornom dejstvu stimuli\u0161e stvaranje odbrambenih \u0107elija delovanjem tako na obe komponente imunog sistema, na humoralni i celularni imunitet i na taj na\u010din poja\u010dava imuni odgovor organizma.<br \/>\nAko organizam nema dovoljno odbrambenih \u0107elija koje su zadu\u017eene za eliminaciju bakterija i virusa ve\u0107e su \u0161anse da \u0107e do\u0107i do razvoja bolesti.<br \/>\nIspoljava antioksidativna dejstva, \u0161titi organuzam od dejstva slobodnih radikala koji o\u0161te\u0107uju \u0107elije a nastaju kao posledica stresa, metaboli\u010dkih promena i nepravilne ishrane.<\/p>\n<p><strong>Dozaj \u0219i mod de utilizare<\/strong><br \/>\nUzimaju se 1-3 kapsule na dan.<\/p>\n<p><b>Compozi\u0163ie\u00a0<\/b><\/p>\n<div>1 capsula contine:<\/div>\n<div>-500 mg ulja jetre morskog psa<\/div>\n<div>-100 mg alkilglicerola (iz ulja jetre morskog psa)<\/div>\n<div>3 capsule contin:<\/div>\n<div>-1500 mg ulja jetre morskog psa<\/div>\n<div>-300 mg alkilglicerola (iz ulja jetre morskog psa)<\/div>","protected":false},"featured_media":951,"template":"","meta":[],"product_brand":[],"product_cat":[77,84,85],"product_tag":[1999,179,1998],"class_list":{"0":"post-950","1":"product","2":"type-product","3":"status-publish","4":"has-post-thumbnail","6":"product_cat-imunitet","7":"product_cat-zdravlje-muskaraca","8":"product_cat-zdravlje-zena","9":"product_tag-alkilglicerola","10":"product_tag-imunitet","11":"product_tag-ulje-jetre-morskog-psa","12":"pa_brend-dietpharm","14":"first","15":"instock","16":"purchasable","17":"product-type-simple"},"ams_default_variation_id":0,"ams_product_points_reward":[],"ams_product_discount_percentage":0,"ams_price_to_display":495,"ams_acf":[],"jetpack_sharing_enabled":true,"_links":{"self":[{"href":"https:\/\/apotekar-online.rs\/ro\/wp-json\/wp\/v2\/product\/950","targetHints":{"allow":["GET"]}}],"collection":[{"href":"https:\/\/apotekar-online.rs\/ro\/wp-json\/wp\/v2\/product"}],"about":[{"href":"https:\/\/apotekar-online.rs\/ro\/wp-json\/wp\/v2\/types\/product"}],"wp:featuredmedia":[{"embeddable":true,"href":"https:\/\/apotekar-online.rs\/ro\/wp-json\/wp\/v2\/media\/951"}],"wp:attachment":[{"href":"https:\/\/apotekar-online.rs\/ro\/wp-json\/wp\/v2\/media?parent=950"}],"wp:term":[{"taxonomy":"product_brand","embeddable":true,"href":"https:\/\/apotekar-online.rs\/ro\/wp-json\/wp\/v2\/product_brand?post=950"},{"taxonomy":"product_cat","embeddable":true,"href":"https:\/\/apotekar-online.rs\/ro\/wp-json\/wp\/v2\/product_cat?post=950"},{"taxonomy":"product_tag","embeddable":true,"href":"https:\/\/apotekar-online.rs\/ro\/wp-json\/wp\/v2\/product_tag?post=950"}],"curies":[{"name":"wp","href":"https:\/\/api.w.org\/{rel}","templated":true}]}}